{"id":78,"date":"2022-12-21T19:44:33","date_gmt":"2022-12-21T18:44:33","guid":{"rendered":"http:\/\/arts-martiaux-guebwiller-kingersheim.com\/?page_id=78"},"modified":"2026-01-13T10:01:11","modified_gmt":"2026-01-13T09:01:11","slug":"partenaires","status":"publish","type":"page","link":"https:\/\/arts-martiaux-guebwiller-kingersheim.com\/index.php\/partenaires\/","title":{"rendered":"Partenaires"},"content":{"rendered":"\n<p class=\"has-text-color has-link-color wp-elements-013a5ebc2b62ce2b2394854463d2ddaf\" style=\"color:#1426ec\"><strong>Club soutenu par : <\/strong><\/p>\n\n\n<div class=\"wp-block-image\">\n<figure class=\"aligncenter size-large\"><img loading=\"lazy\" decoding=\"async\" width=\"1024\" height=\"343\" src=\"https:\/\/arts-martiaux-guebwiller-kingersheim.com\/wp-content\/uploads\/2024\/11\/LOGO_Horizontal_CMJN-1024x343.jpg\" alt=\"\" class=\"wp-image-1273\" srcset=\"https:\/\/arts-martiaux-guebwiller-kingersheim.com\/wp-content\/uploads\/2024\/11\/LOGO_Horizontal_CMJN-1024x343.jpg 1024w, https:\/\/arts-martiaux-guebwiller-kingersheim.com\/wp-content\/uploads\/2024\/11\/LOGO_Horizontal_CMJN-300x100.jpg 300w, https:\/\/arts-martiaux-guebwiller-kingersheim.com\/wp-content\/uploads\/2024\/11\/LOGO_Horizontal_CMJN-768x257.jpg 768w, https:\/\/arts-martiaux-guebwiller-kingersheim.com\/wp-content\/uploads\/2024\/11\/LOGO_Horizontal_CMJN-1536x514.jpg 1536w, https:\/\/arts-martiaux-guebwiller-kingersheim.com\/wp-content\/uploads\/2024\/11\/LOGO_Horizontal_CMJN-2048x686.jpg 2048w\" sizes=\"auto, (max-width: 1024px) 100vw, 1024px\" \/><\/figure>\n<\/div>\n\n\n<p><\/p>\n\n\n<div class=\"wp-block-image\">\n<figure class=\"aligncenter size-full is-resized\"><img loading=\"lazy\" decoding=\"async\" width=\"831\" height=\"719\" src=\"https:\/\/arts-martiaux-guebwiller-kingersheim.com\/wp-content\/uploads\/2024\/01\/FINCA.jpg\" alt=\"\" class=\"wp-image-803\" style=\"width:533px;height:auto\" srcset=\"https:\/\/arts-martiaux-guebwiller-kingersheim.com\/wp-content\/uploads\/2024\/01\/FINCA.jpg 831w, https:\/\/arts-martiaux-guebwiller-kingersheim.com\/wp-content\/uploads\/2024\/01\/FINCA-300x260.jpg 300w, https:\/\/arts-martiaux-guebwiller-kingersheim.com\/wp-content\/uploads\/2024\/01\/FINCA-768x664.jpg 768w\" sizes=\"auto, (max-width: 831px) 100vw, 831px\" \/><\/figure>\n<\/div>\n\n<div class=\"wp-block-image\">\n<figure class=\"aligncenter size-full\"><img loading=\"lazy\" decoding=\"async\" width=\"784\" height=\"486\" src=\"https:\/\/arts-martiaux-guebwiller-kingersheim.com\/wp-content\/uploads\/2025\/03\/SIMON-RENOVATION-LOGO-.jpg\" alt=\"\" class=\"wp-image-1588\" srcset=\"https:\/\/arts-martiaux-guebwiller-kingersheim.com\/wp-content\/uploads\/2025\/03\/SIMON-RENOVATION-LOGO-.jpg 784w, https:\/\/arts-martiaux-guebwiller-kingersheim.com\/wp-content\/uploads\/2025\/03\/SIMON-RENOVATION-LOGO--300x186.jpg 300w, https:\/\/arts-martiaux-guebwiller-kingersheim.com\/wp-content\/uploads\/2025\/03\/SIMON-RENOVATION-LOGO--768x476.jpg 768w\" sizes=\"auto, (max-width: 784px) 100vw, 784px\" \/><\/figure>\n<\/div>\n\n<div class=\"wp-block-image\">\n<figure class=\"aligncenter size-full is-resized\"><img loading=\"lazy\" decoding=\"async\" width=\"800\" height=\"474\" src=\"https:\/\/arts-martiaux-guebwiller-kingersheim.com\/wp-content\/uploads\/2026\/01\/Romain.jpg\" alt=\"\" class=\"wp-image-2332\" style=\"aspect-ratio:1.6877739641954341;width:465px;height:auto\" srcset=\"https:\/\/arts-martiaux-guebwiller-kingersheim.com\/wp-content\/uploads\/2026\/01\/Romain.jpg 800w, https:\/\/arts-martiaux-guebwiller-kingersheim.com\/wp-content\/uploads\/2026\/01\/Romain-300x178.jpg 300w, https:\/\/arts-martiaux-guebwiller-kingersheim.com\/wp-content\/uploads\/2026\/01\/Romain-768x455.jpg 768w\" sizes=\"auto, (max-width: 800px) 100vw, 800px\" \/><\/figure>\n<\/div>\n\n<div class=\"wp-block-image\">\n<figure class=\"aligncenter size-large is-resized\"><img loading=\"lazy\" decoding=\"async\" width=\"1024\" height=\"721\" src=\"https:\/\/arts-martiaux-guebwiller-kingersheim.com\/wp-content\/uploads\/2026\/01\/Schellenberger-gourmet-2023-1024x721.jpg\" alt=\"\" class=\"wp-image-2334\" style=\"aspect-ratio:1.4202444209095104;width:465px;height:auto\" srcset=\"https:\/\/arts-martiaux-guebwiller-kingersheim.com\/wp-content\/uploads\/2026\/01\/Schellenberger-gourmet-2023-1024x721.jpg 1024w, https:\/\/arts-martiaux-guebwiller-kingersheim.com\/wp-content\/uploads\/2026\/01\/Schellenberger-gourmet-2023-300x211.jpg 300w, https:\/\/arts-martiaux-guebwiller-kingersheim.com\/wp-content\/uploads\/2026\/01\/Schellenberger-gourmet-2023-768x541.jpg 768w, https:\/\/arts-martiaux-guebwiller-kingersheim.com\/wp-content\/uploads\/2026\/01\/Schellenberger-gourmet-2023.jpg 1444w\" sizes=\"auto, (max-width: 1024px) 100vw, 1024px\" \/><\/figure>\n<\/div>\n\n<div class=\"wp-block-image\">\n<figure class=\"aligncenter size-full is-resized\"><img loading=\"lazy\" decoding=\"async\" width=\"862\" height=\"615\" src=\"https:\/\/arts-martiaux-guebwiller-kingersheim.com\/wp-content\/uploads\/2025\/12\/API.png\" alt=\"\" class=\"wp-image-2310\" style=\"aspect-ratio:1.401623557267805;width:454px;height:auto\" srcset=\"https:\/\/arts-martiaux-guebwiller-kingersheim.com\/wp-content\/uploads\/2025\/12\/API.png 862w, https:\/\/arts-martiaux-guebwiller-kingersheim.com\/wp-content\/uploads\/2025\/12\/API-300x214.png 300w, https:\/\/arts-martiaux-guebwiller-kingersheim.com\/wp-content\/uploads\/2025\/12\/API-768x548.png 768w\" sizes=\"auto, (max-width: 862px) 100vw, 862px\" \/><\/figure>\n<\/div>\n\n\n<p><\/p>\n\n\n<figure class=\"wp-block-image size-large is-resized\"><img loading=\"lazy\" decoding=\"async\" width=\"1024\" height=\"371\" src=\"https:\/\/arts-martiaux-guebwiller-kingersheim.com\/wp-content\/uploads\/2022\/12\/Fichier-1-1024x371.jpg\" alt=\"\" class=\"wp-image-150\" style=\"width:557px;height:201px\" srcset=\"https:\/\/arts-martiaux-guebwiller-kingersheim.com\/wp-content\/uploads\/2022\/12\/Fichier-1-1024x371.jpg 1024w, https:\/\/arts-martiaux-guebwiller-kingersheim.com\/wp-content\/uploads\/2022\/12\/Fichier-1-300x109.jpg 300w, https:\/\/arts-martiaux-guebwiller-kingersheim.com\/wp-content\/uploads\/2022\/12\/Fichier-1-768x278.jpg 768w, https:\/\/arts-martiaux-guebwiller-kingersheim.com\/wp-content\/uploads\/2022\/12\/Fichier-1.jpg 1469w\" sizes=\"auto, (max-width: 1024px) 100vw, 1024px\" \/><\/figure>\n\n<div class=\"wp-block-image\">\n<figure class=\"aligncenter size-full\"><img loading=\"lazy\" decoding=\"async\" width=\"723\" height=\"263\" src=\"https:\/\/arts-martiaux-guebwiller-kingersheim.com\/wp-content\/uploads\/2023\/03\/Audi-coorodonees.jpg\" alt=\"\" class=\"wp-image-332\" srcset=\"https:\/\/arts-martiaux-guebwiller-kingersheim.com\/wp-content\/uploads\/2023\/03\/Audi-coorodonees.jpg 723w, https:\/\/arts-martiaux-guebwiller-kingersheim.com\/wp-content\/uploads\/2023\/03\/Audi-coorodonees-300x109.jpg 300w\" sizes=\"auto, (max-width: 723px) 100vw, 723px\" \/><\/figure>\n<\/div>\n\n\n<p><\/p>\n\n\n\n<p><\/p>\n\n\n\n<p><\/p>\n\n\n<div class=\"wp-block-image\">\n<figure class=\"aligncenter size-full\"><img loading=\"lazy\" decoding=\"async\" width=\"1575\" height=\"1575\" src=\"https:\/\/arts-martiaux-guebwiller-kingersheim.com\/wp-content\/uploads\/2024\/03\/Auberge-du-Vallon-Guebwiller-1.jpg\" alt=\"\" class=\"wp-image-923\" srcset=\"https:\/\/arts-martiaux-guebwiller-kingersheim.com\/wp-content\/uploads\/2024\/03\/Auberge-du-Vallon-Guebwiller-1.jpg 1575w, https:\/\/arts-martiaux-guebwiller-kingersheim.com\/wp-content\/uploads\/2024\/03\/Auberge-du-Vallon-Guebwiller-1-300x300.jpg 300w, https:\/\/arts-martiaux-guebwiller-kingersheim.com\/wp-content\/uploads\/2024\/03\/Auberge-du-Vallon-Guebwiller-1-1024x1024.jpg 1024w, https:\/\/arts-martiaux-guebwiller-kingersheim.com\/wp-content\/uploads\/2024\/03\/Auberge-du-Vallon-Guebwiller-1-150x150.jpg 150w, https:\/\/arts-martiaux-guebwiller-kingersheim.com\/wp-content\/uploads\/2024\/03\/Auberge-du-Vallon-Guebwiller-1-768x768.jpg 768w, https:\/\/arts-martiaux-guebwiller-kingersheim.com\/wp-content\/uploads\/2024\/03\/Auberge-du-Vallon-Guebwiller-1-1536x1536.jpg 1536w\" sizes=\"auto, (max-width: 1575px) 100vw, 1575px\" \/><\/figure>\n<\/div>\n\n<figure class=\"wp-block-image size-full is-resized\"><img loading=\"lazy\" decoding=\"async\" width=\"993\" height=\"356\" src=\"https:\/\/arts-martiaux-guebwiller-kingersheim.com\/wp-content\/uploads\/2023\/01\/ccm-credit-mutuel-logo.jpg\" alt=\"\" class=\"wp-image-218\" style=\"width:624px;height:223px\" srcset=\"https:\/\/arts-martiaux-guebwiller-kingersheim.com\/wp-content\/uploads\/2023\/01\/ccm-credit-mutuel-logo.jpg 993w, https:\/\/arts-martiaux-guebwiller-kingersheim.com\/wp-content\/uploads\/2023\/01\/ccm-credit-mutuel-logo-300x108.jpg 300w, https:\/\/arts-martiaux-guebwiller-kingersheim.com\/wp-content\/uploads\/2023\/01\/ccm-credit-mutuel-logo-768x275.jpg 768w\" sizes=\"auto, (max-width: 993px) 100vw, 993px\" \/><\/figure>\n\n\n<p><\/p>\n\n\n\n<p><\/p>\n\n\n\n<p class=\"has-dark-gray-color has-text-color has-link-color has-medium-font-size wp-elements-6bc19b3996cb29b9e730101320b74c8f\"><strong>Partenariat  : <\/strong><\/p>\n\n\n<div class=\"wp-block-image\">\n<figure class=\"aligncenter size-full\"><img loading=\"lazy\" decoding=\"async\" width=\"720\" height=\"720\" src=\"https:\/\/arts-martiaux-guebwiller-kingersheim.com\/wp-content\/uploads\/2025\/08\/all-in-fitness-guebwiller.jpg\" alt=\"\" class=\"wp-image-1992\" srcset=\"https:\/\/arts-martiaux-guebwiller-kingersheim.com\/wp-content\/uploads\/2025\/08\/all-in-fitness-guebwiller.jpg 720w, https:\/\/arts-martiaux-guebwiller-kingersheim.com\/wp-content\/uploads\/2025\/08\/all-in-fitness-guebwiller-300x300.jpg 300w, https:\/\/arts-martiaux-guebwiller-kingersheim.com\/wp-content\/uploads\/2025\/08\/all-in-fitness-guebwiller-150x150.jpg 150w\" sizes=\"auto, (max-width: 720px) 100vw, 720px\" \/><\/figure>\n<\/div>\n\n\n<p class=\"has-text-align-center\">A Guebwiller <\/p>\n\n\n\n<p><\/p>\n\n\n\n<p><\/p>\n\n\n<div class=\"wp-block-image\">\n<figure class=\"aligncenter size-full is-resized\"><img loading=\"lazy\" decoding=\"async\" width=\"278\" height=\"81\" src=\"https:\/\/arts-martiaux-guebwiller-kingersheim.com\/wp-content\/uploads\/2024\/08\/eric-favre.jpg\" alt=\"\" class=\"wp-image-1161\" style=\"width:394px;height:auto\"\/><\/figure>\n<\/div>\n\n\n<p class=\"has-dark-gray-color has-text-color has-link-color wp-elements-8c6768cb6e55e106824ac9ddb6c6c0bb\">Les produits Eric Favre sont d\u00e9di\u00e9e \u00e0 la pratique de la&nbsp;<strong><a href=\"https:\/\/www.ericfavre.com\/lifestyle\/guide-de-la-musculation\/\">musculation<\/a><\/strong>, du fitness, mais aussi \u00e0 votre sant\u00e9 et votre bien-\u00eatre.<\/p>\n\n\n\n<p class=\"has-dark-gray-color has-text-color has-link-color wp-elements-7ec21c3dd1c7d3f3c218d0693cc1d338\">Elle vous propose tous les compl\u00e9ments alimentaires n\u00e9cessaires et les produits qui vous permettront d&#8217;atteindre vos objectifs plus rapidement et plus efficacement.<\/p>\n\n\n\n<p><\/p>\n\n\n<div class=\"wp-block-image\">\n<figure class=\"aligncenter size-full\"><img loading=\"lazy\" decoding=\"async\" width=\"620\" height=\"253\" src=\"https:\/\/arts-martiaux-guebwiller-kingersheim.com\/wp-content\/uploads\/2024\/08\/complement-alimentaire-sport.png\" alt=\"\" class=\"wp-image-1162\" srcset=\"https:\/\/arts-martiaux-guebwiller-kingersheim.com\/wp-content\/uploads\/2024\/08\/complement-alimentaire-sport.png 620w, https:\/\/arts-martiaux-guebwiller-kingersheim.com\/wp-content\/uploads\/2024\/08\/complement-alimentaire-sport-300x122.png 300w\" sizes=\"auto, (max-width: 620px) 100vw, 620px\" \/><\/figure>\n<\/div>\n\n\n<p><\/p>\n\n\n\n<figure class=\"wp-block-gallery alignleft has-nested-images columns-default is-cropped wp-block-gallery-1 is-layout-flex wp-block-gallery-is-layout-flex\">\n<figure class=\"wp-block-image size-full\"><img loading=\"lazy\" decoding=\"async\" width=\"482\" height=\"134\" data-id=\"1991\" src=\"https:\/\/arts-martiaux-guebwiller-kingersheim.com\/wp-content\/uploads\/2025\/08\/combat-pro.png\" alt=\"\" class=\"wp-image-1991\" srcset=\"https:\/\/arts-martiaux-guebwiller-kingersheim.com\/wp-content\/uploads\/2025\/08\/combat-pro.png 482w, https:\/\/arts-martiaux-guebwiller-kingersheim.com\/wp-content\/uploads\/2025\/08\/combat-pro-300x83.png 300w\" sizes=\"auto, (max-width: 482px) 100vw, 482px\" \/><\/figure>\n<\/figure>\n","protected":false},"excerpt":{"rendered":"<p>Club soutenu par : Partenariat : A Guebwiller Les produits Eric Favre sont d\u00e9di\u00e9e \u00e0 la pratique de la&nbsp;musculation, du fitness, mais aussi \u00e0 votre sant\u00e9 et votre bien-\u00eatre. Elle vous propose tous les compl\u00e9ments alimentaires n\u00e9cessaires et les produits qui vous permettront d&#8217;atteindre vos objectifs plus rapidement et plus efficacement.<\/p>\n","protected":false},"author":1,"featured_media":0,"parent":0,"menu_order":0,"comment_status":"closed","ping_status":"closed","template":"","meta":{"footnotes":""},"class_list":["post-78","page","type-page","status-publish","hentry"],"_links":{"self":[{"href":"https:\/\/arts-martiaux-guebwiller-kingersheim.com\/index.php\/wp-json\/wp\/v2\/pages\/78","targetHints":{"allow":["GET"]}}],"collection":[{"href":"https:\/\/arts-martiaux-guebwiller-kingersheim.com\/index.php\/wp-json\/wp\/v2\/pages"}],"about":[{"href":"https:\/\/arts-martiaux-guebwiller-kingersheim.com\/index.php\/wp-json\/wp\/v2\/types\/page"}],"author":[{"embeddable":true,"href":"https:\/\/arts-martiaux-guebwiller-kingersheim.com\/index.php\/wp-json\/wp\/v2\/users\/1"}],"replies":[{"embeddable":true,"href":"https:\/\/arts-martiaux-guebwiller-kingersheim.com\/index.php\/wp-json\/wp\/v2\/comments?post=78"}],"version-history":[{"count":23,"href":"https:\/\/arts-martiaux-guebwiller-kingersheim.com\/index.php\/wp-json\/wp\/v2\/pages\/78\/revisions"}],"predecessor-version":[{"id":2335,"href":"https:\/\/arts-martiaux-guebwiller-kingersheim.com\/index.php\/wp-json\/wp\/v2\/pages\/78\/revisions\/2335"}],"wp:attachment":[{"href":"https:\/\/arts-martiaux-guebwiller-kingersheim.com\/index.php\/wp-json\/wp\/v2\/media?parent=78"}],"curies":[{"name":"wp","href":"https:\/\/api.w.org\/{rel}","templated":true}]}}