{"id":52,"date":"2022-12-21T19:22:51","date_gmt":"2022-12-21T18:22:51","guid":{"rendered":"http:\/\/arts-martiaux-guebwiller-kingersheim.com\/?page_id=52"},"modified":"2025-09-05T10:03:06","modified_gmt":"2025-09-05T08:03:06","slug":"videos","status":"publish","type":"page","link":"https:\/\/arts-martiaux-guebwiller-kingersheim.com\/index.php\/videos\/","title":{"rendered":"VIDEOS"},"content":{"rendered":"\n<p class=\"has-medium-gray-color has-text-color has-link-color has-medium-font-size wp-elements-a8ff05e641e70fb0e4195f5b71751176\"><strong>Retrouver d&#8217;autres vid\u00e9os sur les sites&nbsp; suivants&nbsp; :<\/strong><\/p>\n\n\n\n<p class=\"has-medium-gray-color has-text-color has-link-color has-medium-font-size wp-elements-e655b38599e0fd6e50d76962d82f2a8f\">jiujitsubresilienmulhouse68.fr <\/p>\n\n\n\n<p class=\"has-medium-gray-color has-text-color has-link-color has-medium-font-size wp-elements-554ae927c5979b4f7c372ab89e72f468\"> nunchaku-combat.fr <\/p>\n\n\n\n<p class=\"has-medium-gray-color has-text-color has-link-color has-medium-font-size wp-elements-7712283aca1df2ec32f4078a6a3e4871\">combat-complet.fr<\/p>\n\n\n\n<p><\/p>\n\n\n\n<figure class=\"wp-block-embed is-type-video is-provider-youtube wp-block-embed-youtube wp-embed-aspect-16-9 wp-has-aspect-ratio\"><div class=\"wp-block-embed__wrapper\">\n  <iframe loading=\"lazy\" title=\"Grade Raphael Schmitz 2025\" width=\"474\" height=\"267\" src=\"https:\/\/www.youtube.com\/embed\/eXp0hWj3SXQ?feature=oembed\" frameborder=\"0\" allow=\"accelerometer; autoplay; clipboard-write; encrypted-media; gyroscope; picture-in-picture; web-share\" referrerpolicy=\"strict-origin-when-cross-origin\" allowfullscreen><\/iframe>\n<\/div><\/figure>\n\n\n\n<p>Remise grade \u00e0 Raphael Schmitz  de la ceinture noire 5\u00e8me degr\u00e9 par Ricardo de la Riva<\/p>\n\n\n\n<figure class=\"wp-block-video\"><video height=\"1080\" style=\"aspect-ratio: 1920 \/ 1080;\" width=\"1920\" controls src=\"https:\/\/arts-martiaux-guebwiller-kingersheim.com\/wp-content\/uploads\/2025\/03\/stage-Gracie-2025-1.mov\"><\/video><\/figure>\n\n\n\n<p>Stage de jiu jitsu Br\u00e9silien avec Carlson Gracie juniors \u00e0 Guebwiller<\/p>\n\n\n\n<figure class=\"wp-block-video\"><video height=\"640\" style=\"aspect-ratio: 368 \/ 640;\" width=\"368\" controls src=\"https:\/\/arts-martiaux-guebwiller-kingersheim.com\/wp-content\/uploads\/2024\/04\/Tech-MMA.mov\"><\/video><\/figure>\n\n\n\n<p>Technique MMA<\/p>\n\n\n\n<figure class=\"wp-block-video\"><video height=\"1080\" style=\"aspect-ratio: 1920 \/ 1080;\" width=\"1920\" controls src=\"https:\/\/arts-martiaux-guebwiller-kingersheim.com\/wp-content\/uploads\/2024\/04\/Tech-JJB-1.mov\"><\/video><\/figure>\n\n\n\n<p>Technique Jiu Jitsu Br\u00e9silien <\/p>\n\n\n\n<figure class=\"wp-block-video\"><video height=\"1080\" style=\"aspect-ratio: 1920 \/ 1080;\" width=\"1920\" controls src=\"https:\/\/arts-martiaux-guebwiller-kingersheim.com\/wp-content\/uploads\/2024\/04\/combat-Zac-Liermann.mov\"><\/video><\/figure>\n\n\n\n<p>Combat de Zac Liermann au championnat de France de Krav Maga (combat libre)<\/p>\n\n\n\n<figure class=\"wp-block-video\"><video height=\"480\" style=\"aspect-ratio: 848 \/ 480;\" width=\"848\" controls src=\"https:\/\/arts-martiaux-guebwiller-kingersheim.com\/wp-content\/uploads\/2023\/12\/demi-final-Bresil.mov\"><\/video><\/figure>\n\n\n\n<p>Raphael Schmitz &#8211; Demie &#8211; finale mondiaux Jiu Jitsu Br\u00e9silien \u00e0 Sao Paulo <\/p>\n\n\n\n<figure class=\"wp-block-embed is-type-video is-provider-youtube wp-block-embed-youtube wp-embed-aspect-16-9 wp-has-aspect-ratio\"><div class=\"wp-block-embed__wrapper\">\n<iframe loading=\"lazy\" title=\"Rencontre Franco Allemande - Dojo Form Guebwiller 2023\" width=\"474\" height=\"267\" src=\"https:\/\/www.youtube.com\/embed\/BShTbHIDv5o?feature=oembed\" frameborder=\"0\" allow=\"accelerometer; autoplay; clipboard-write; encrypted-media; gyroscope; picture-in-picture; web-share\" referrerpolicy=\"strict-origin-when-cross-origin\" allowfullscreen><\/iframe>\n<\/div><\/figure>\n\n\n\n<figure class=\"wp-block-embed is-type-video is-provider-youtube wp-block-embed-youtube wp-embed-aspect-16-9 wp-has-aspect-ratio\"><div class=\"wp-block-embed__wrapper\">\n<iframe loading=\"lazy\" title=\"Rencontre Franco Allemande \u00e0 Dojo Form Guewiller - 2023\" width=\"400\" height=\"711\" src=\"https:\/\/www.youtube.com\/embed\/NLQHYniQhCU?feature=oembed\" frameborder=\"0\" allow=\"accelerometer; autoplay; clipboard-write; encrypted-media; gyroscope; picture-in-picture; web-share\" referrerpolicy=\"strict-origin-when-cross-origin\" allowfullscreen><\/iframe>\n<\/div><figcaption class=\"wp-element-caption\">Rencontre Franco Allemande &#8211; Stage de jiu jitsu Br\u00e9silien &#8211; grappling <br>avec Mickael Haselein<\/figcaption><\/figure>\n\n\n\n<figure class=\"wp-block-embed is-type-video is-provider-youtube wp-block-embed-youtube wp-embed-aspect-16-9 wp-has-aspect-ratio\"><div class=\"wp-block-embed__wrapper\">\n<iframe loading=\"lazy\" title=\"Schmitz Team Incroyable Talent  2021\" width=\"474\" height=\"267\" src=\"https:\/\/www.youtube.com\/embed\/FIu_DUBipBQ?feature=oembed\" frameborder=\"0\" allow=\"accelerometer; autoplay; clipboard-write; encrypted-media; gyroscope; picture-in-picture; web-share\" referrerpolicy=\"strict-origin-when-cross-origin\" allowfullscreen><\/iframe>\n<\/div><figcaption class=\"wp-element-caption\">Passage TV sur M6 \u00e0 l&#8217;\u00e9mission &#8221; Incroyable Talent&#8221;<\/figcaption><\/figure>\n\n\n\n<figure class=\"wp-block-embed is-type-video is-provider-youtube wp-block-embed-youtube wp-embed-aspect-16-9 wp-has-aspect-ratio\"><div class=\"wp-block-embed__wrapper\">\n<iframe loading=\"lazy\" title=\"D\u00e9monstration  Schmitz team\" width=\"474\" height=\"267\" src=\"https:\/\/www.youtube.com\/embed\/co0mPjuKR3c?feature=oembed\" frameborder=\"0\" allow=\"accelerometer; autoplay; clipboard-write; encrypted-media; gyroscope; picture-in-picture; web-share\" referrerpolicy=\"strict-origin-when-cross-origin\" allowfullscreen><\/iframe>\n<\/div><figcaption class=\"wp-element-caption\">D\u00e9monstration arts martiaux par la Schmitz Team<\/figcaption><\/figure>\n\n\n\n<figure class=\"wp-block-embed is-type-video is-provider-youtube wp-block-embed-youtube wp-embed-aspect-16-9 wp-has-aspect-ratio\"><div class=\"wp-block-embed__wrapper\">\n<iframe loading=\"lazy\" title=\"Championnat France sambo sportif FFL 2021 - Raphael Schmitz 1er\" width=\"474\" height=\"267\" src=\"https:\/\/www.youtube.com\/embed\/iAlBvZDTmRo?feature=oembed\" frameborder=\"0\" allow=\"accelerometer; autoplay; clipboard-write; encrypted-media; gyroscope; picture-in-picture; web-share\" referrerpolicy=\"strict-origin-when-cross-origin\" allowfullscreen><\/iframe>\n<\/div><figcaption class=\"wp-element-caption\">Combat Raphael Schmitz ( Sambo)<\/figcaption><\/figure>\n\n\n\n<figure class=\"wp-block-embed is-type-video is-provider-youtube wp-block-embed-youtube wp-embed-aspect-16-9 wp-has-aspect-ratio\"><div class=\"wp-block-embed__wrapper\">\n<iframe loading=\"lazy\" title=\"Raphael Schmitz - Championnat du monde Jiu jitsu quart de finale Br\u00e9silien \u00e0 Las Vegas\" width=\"474\" height=\"267\" src=\"https:\/\/www.youtube.com\/embed\/-v6tbGMFYrY?feature=oembed\" frameborder=\"0\" allow=\"accelerometer; autoplay; clipboard-write; encrypted-media; gyroscope; picture-in-picture; web-share\" referrerpolicy=\"strict-origin-when-cross-origin\" allowfullscreen><\/iframe>\n<\/div><figcaption class=\"wp-element-caption\">Raphael Schmitz &#8211; combat quart de final championnat du monde jiu jitsu Br\u00e9silien ( Las Vegas)<\/figcaption><\/figure>\n\n\n\n<figure class=\"wp-block-embed is-type-video is-provider-youtube wp-block-embed-youtube wp-embed-aspect-16-9 wp-has-aspect-ratio\"><div class=\"wp-block-embed__wrapper\">\n<iframe loading=\"lazy\" title=\"Rencontre - comp\u00e9tition MMA \/ Boxe Tha\u00ef\" width=\"474\" height=\"267\" src=\"https:\/\/www.youtube.com\/embed\/NYwdhUuSzhw?feature=oembed\" frameborder=\"0\" allow=\"accelerometer; autoplay; clipboard-write; encrypted-media; gyroscope; picture-in-picture; web-share\" referrerpolicy=\"strict-origin-when-cross-origin\" allowfullscreen><\/iframe>\n<\/div><figcaption class=\"wp-element-caption\">Combat MMA \/ boxe Tha\u00ef ( \u00e0 Rosenau)<\/figcaption><\/figure>\n","protected":false},"excerpt":{"rendered":"<p>Retrouver d&#8217;autres vid\u00e9os sur les sites&nbsp; suivants&nbsp; : jiujitsubresilienmulhouse68.fr nunchaku-combat.fr combat-complet.fr Remise grade \u00e0 Raphael Schmitz de la ceinture noire 5\u00e8me degr\u00e9 par Ricardo de la Riva Stage de jiu jitsu Br\u00e9silien avec Carlson Gracie juniors \u00e0 Guebwiller Technique MMA Technique Jiu Jitsu Br\u00e9silien Combat de Zac Liermann au championnat de France de Krav Maga &hellip; <a href=\"https:\/\/arts-martiaux-guebwiller-kingersheim.com\/index.php\/videos\/\" class=\"more-link\">Continue reading <span class=\"screen-reader-text\">VIDEOS<\/span> <span class=\"meta-nav\">&rarr;<\/span><\/a><\/p>\n","protected":false},"author":1,"featured_media":0,"parent":0,"menu_order":0,"comment_status":"closed","ping_status":"closed","template":"","meta":{"footnotes":""},"class_list":["post-52","page","type-page","status-publish","hentry"],"_links":{"self":[{"href":"https:\/\/arts-martiaux-guebwiller-kingersheim.com\/index.php\/wp-json\/wp\/v2\/pages\/52","targetHints":{"allow":["GET"]}}],"collection":[{"href":"https:\/\/arts-martiaux-guebwiller-kingersheim.com\/index.php\/wp-json\/wp\/v2\/pages"}],"about":[{"href":"https:\/\/arts-martiaux-guebwiller-kingersheim.com\/index.php\/wp-json\/wp\/v2\/types\/page"}],"author":[{"embeddable":true,"href":"https:\/\/arts-martiaux-guebwiller-kingersheim.com\/index.php\/wp-json\/wp\/v2\/users\/1"}],"replies":[{"embeddable":true,"href":"https:\/\/arts-martiaux-guebwiller-kingersheim.com\/index.php\/wp-json\/wp\/v2\/comments?post=52"}],"version-history":[{"count":14,"href":"https:\/\/arts-martiaux-guebwiller-kingersheim.com\/index.php\/wp-json\/wp\/v2\/pages\/52\/revisions"}],"predecessor-version":[{"id":2175,"href":"https:\/\/arts-martiaux-guebwiller-kingersheim.com\/index.php\/wp-json\/wp\/v2\/pages\/52\/revisions\/2175"}],"wp:attachment":[{"href":"https:\/\/arts-martiaux-guebwiller-kingersheim.com\/index.php\/wp-json\/wp\/v2\/media?parent=52"}],"curies":[{"name":"wp","href":"https:\/\/api.w.org\/{rel}","templated":true}]}}