{"id":48,"date":"2022-12-21T19:22:29","date_gmt":"2022-12-21T18:22:29","guid":{"rendered":"http:\/\/arts-martiaux-guebwiller-kingersheim.com\/?page_id=48"},"modified":"2022-12-30T11:02:29","modified_gmt":"2022-12-30T10:02:29","slug":"sft-kingersheim","status":"publish","type":"page","link":"https:\/\/arts-martiaux-guebwiller-kingersheim.com\/index.php\/sft-kingersheim\/","title":{"rendered":"SFT KINGERSHEIM"},"content":{"rendered":"\n<p>Arts martiaux Kingersheim<\/p>\n\n\n\n<p><strong>Adresse:<\/strong>\u00a0 ou au dojo de la salle polyvalente, rue Pierre de Coubertin (pr\u00e8s du hangar &#8211; en face du parc des gravi\u00e8res). Certains cours se d\u00e9roulent dans le dojo du fond et dans le nouveau dojo ( voir planning)<\/p>\n\n\n\n<p>&nbsp;Contact : 03.89.76.82.92 \/ raphael.schmitz@yahoo.fr<\/p>\n\n\n\n<figure class=\"wp-block-image size-full\"><img loading=\"lazy\" decoding=\"async\" width=\"625\" height=\"328\" src=\"https:\/\/arts-martiaux-guebwiller-kingersheim.com\/wp-content\/uploads\/2022\/12\/salle-polyvalente-KIngersheim-MMA-jiu-jitsu-bresilien-.jpg\" alt=\"\" class=\"wp-image-136\" srcset=\"https:\/\/arts-martiaux-guebwiller-kingersheim.com\/wp-content\/uploads\/2022\/12\/salle-polyvalente-KIngersheim-MMA-jiu-jitsu-bresilien-.jpg 625w, https:\/\/arts-martiaux-guebwiller-kingersheim.com\/wp-content\/uploads\/2022\/12\/salle-polyvalente-KIngersheim-MMA-jiu-jitsu-bresilien--300x157.jpg 300w\" sizes=\"auto, (max-width: 625px) 100vw, 625px\" \/><\/figure>\n\n\n\n<figure class=\"wp-block-image size-large is-resized\"><img loading=\"lazy\" decoding=\"async\" src=\"https:\/\/arts-martiaux-guebwiller-kingersheim.com\/wp-content\/uploads\/2022\/12\/Kingersheim-JJB-1024x768.jpg\" alt=\"\" class=\"wp-image-189\" width=\"518\" height=\"389\" srcset=\"https:\/\/arts-martiaux-guebwiller-kingersheim.com\/wp-content\/uploads\/2022\/12\/Kingersheim-JJB-1024x768.jpg 1024w, https:\/\/arts-martiaux-guebwiller-kingersheim.com\/wp-content\/uploads\/2022\/12\/Kingersheim-JJB-300x225.jpg 300w, https:\/\/arts-martiaux-guebwiller-kingersheim.com\/wp-content\/uploads\/2022\/12\/Kingersheim-JJB-768x576.jpg 768w, https:\/\/arts-martiaux-guebwiller-kingersheim.com\/wp-content\/uploads\/2022\/12\/Kingersheim-JJB-1536x1152.jpg 1536w, https:\/\/arts-martiaux-guebwiller-kingersheim.com\/wp-content\/uploads\/2022\/12\/Kingersheim-JJB-2048x1536.jpg 2048w\" sizes=\"auto, (max-width: 518px) 100vw, 518px\" \/><\/figure>\n\n\n\n<figure class=\"wp-block-image size-large is-resized\"><img loading=\"lazy\" decoding=\"async\" src=\"https:\/\/arts-martiaux-guebwiller-kingersheim.com\/wp-content\/uploads\/2022\/12\/Kingersheim-CC-adultes-2-1024x768.jpg\" alt=\"\" class=\"wp-image-190\" width=\"513\" height=\"385\" srcset=\"https:\/\/arts-martiaux-guebwiller-kingersheim.com\/wp-content\/uploads\/2022\/12\/Kingersheim-CC-adultes-2-1024x768.jpg 1024w, https:\/\/arts-martiaux-guebwiller-kingersheim.com\/wp-content\/uploads\/2022\/12\/Kingersheim-CC-adultes-2-300x225.jpg 300w, https:\/\/arts-martiaux-guebwiller-kingersheim.com\/wp-content\/uploads\/2022\/12\/Kingersheim-CC-adultes-2-768x576.jpg 768w, https:\/\/arts-martiaux-guebwiller-kingersheim.com\/wp-content\/uploads\/2022\/12\/Kingersheim-CC-adultes-2-1536x1152.jpg 1536w, https:\/\/arts-martiaux-guebwiller-kingersheim.com\/wp-content\/uploads\/2022\/12\/Kingersheim-CC-adultes-2-2048x1536.jpg 2048w\" sizes=\"auto, (max-width: 513px) 100vw, 513px\" \/><\/figure>\n\n\n\n<figure class=\"wp-block-image size-large is-resized\"><img loading=\"lazy\" decoding=\"async\" src=\"https:\/\/arts-martiaux-guebwiller-kingersheim.com\/wp-content\/uploads\/2022\/12\/Kingersheim-boxe-krav-1024x768.jpg\" alt=\"\" class=\"wp-image-191\" width=\"506\" height=\"380\" srcset=\"https:\/\/arts-martiaux-guebwiller-kingersheim.com\/wp-content\/uploads\/2022\/12\/Kingersheim-boxe-krav-1024x768.jpg 1024w, https:\/\/arts-martiaux-guebwiller-kingersheim.com\/wp-content\/uploads\/2022\/12\/Kingersheim-boxe-krav-300x225.jpg 300w, https:\/\/arts-martiaux-guebwiller-kingersheim.com\/wp-content\/uploads\/2022\/12\/Kingersheim-boxe-krav-768x576.jpg 768w, https:\/\/arts-martiaux-guebwiller-kingersheim.com\/wp-content\/uploads\/2022\/12\/Kingersheim-boxe-krav.jpg 1280w\" sizes=\"auto, (max-width: 506px) 100vw, 506px\" \/><\/figure>\n\n\n\n<figure class=\"wp-block-image size-full is-resized\"><img loading=\"lazy\" decoding=\"async\" src=\"https:\/\/arts-martiaux-guebwiller-kingersheim.com\/wp-content\/uploads\/2022\/12\/Kingersheim-enfants-2.jpg\" alt=\"\" class=\"wp-image-192\" width=\"355\" height=\"473\" srcset=\"https:\/\/arts-martiaux-guebwiller-kingersheim.com\/wp-content\/uploads\/2022\/12\/Kingersheim-enfants-2.jpg 480w, https:\/\/arts-martiaux-guebwiller-kingersheim.com\/wp-content\/uploads\/2022\/12\/Kingersheim-enfants-2-225x300.jpg 225w\" sizes=\"auto, (max-width: 355px) 100vw, 355px\" \/><\/figure>\n\n\n\n<figure class=\"wp-block-image size-large is-resized\"><img loading=\"lazy\" decoding=\"async\" src=\"https:\/\/arts-martiaux-guebwiller-kingersheim.com\/wp-content\/uploads\/2022\/12\/Kingersheim-boxe-ados-1024x478.jpg\" alt=\"\" class=\"wp-image-193\" width=\"515\" height=\"240\" srcset=\"https:\/\/arts-martiaux-guebwiller-kingersheim.com\/wp-content\/uploads\/2022\/12\/Kingersheim-boxe-ados-1024x478.jpg 1024w, https:\/\/arts-martiaux-guebwiller-kingersheim.com\/wp-content\/uploads\/2022\/12\/Kingersheim-boxe-ados-300x140.jpg 300w, https:\/\/arts-martiaux-guebwiller-kingersheim.com\/wp-content\/uploads\/2022\/12\/Kingersheim-boxe-ados-768x359.jpg 768w, https:\/\/arts-martiaux-guebwiller-kingersheim.com\/wp-content\/uploads\/2022\/12\/Kingersheim-boxe-ados-1536x717.jpg 1536w, https:\/\/arts-martiaux-guebwiller-kingersheim.com\/wp-content\/uploads\/2022\/12\/Kingersheim-boxe-ados.jpg 2000w\" sizes=\"auto, (max-width: 515px) 100vw, 515px\" \/><\/figure>\n\n\n\n<figure class=\"wp-block-image size-large is-resized\"><img loading=\"lazy\" decoding=\"async\" src=\"https:\/\/arts-martiaux-guebwiller-kingersheim.com\/wp-content\/uploads\/2022\/12\/Kingersheim-TKD-1024x576.jpg\" alt=\"\" class=\"wp-image-194\" width=\"504\" height=\"284\" srcset=\"https:\/\/arts-martiaux-guebwiller-kingersheim.com\/wp-content\/uploads\/2022\/12\/Kingersheim-TKD-1024x576.jpg 1024w, https:\/\/arts-martiaux-guebwiller-kingersheim.com\/wp-content\/uploads\/2022\/12\/Kingersheim-TKD-300x169.jpg 300w, https:\/\/arts-martiaux-guebwiller-kingersheim.com\/wp-content\/uploads\/2022\/12\/Kingersheim-TKD-768x432.jpg 768w, https:\/\/arts-martiaux-guebwiller-kingersheim.com\/wp-content\/uploads\/2022\/12\/Kingersheim-TKD.jpg 1080w\" sizes=\"auto, (max-width: 504px) 100vw, 504px\" \/><\/figure>\n","protected":false},"excerpt":{"rendered":"<p>Arts martiaux Kingersheim Adresse:\u00a0 ou au dojo de la salle polyvalente, rue Pierre de Coubertin (pr\u00e8s du hangar &#8211; en face du parc des gravi\u00e8res). Certains cours se d\u00e9roulent dans le dojo du fond et dans le nouveau dojo ( voir planning) &nbsp;Contact : 03.89.76.82.92 \/ raphael.schmitz@yahoo.fr<\/p>\n","protected":false},"author":1,"featured_media":0,"parent":0,"menu_order":0,"comment_status":"closed","ping_status":"closed","template":"","meta":{"footnotes":""},"class_list":["post-48","page","type-page","status-publish","hentry"],"_links":{"self":[{"href":"https:\/\/arts-martiaux-guebwiller-kingersheim.com\/index.php\/wp-json\/wp\/v2\/pages\/48","targetHints":{"allow":["GET"]}}],"collection":[{"href":"https:\/\/arts-martiaux-guebwiller-kingersheim.com\/index.php\/wp-json\/wp\/v2\/pages"}],"about":[{"href":"https:\/\/arts-martiaux-guebwiller-kingersheim.com\/index.php\/wp-json\/wp\/v2\/types\/page"}],"author":[{"embeddable":true,"href":"https:\/\/arts-martiaux-guebwiller-kingersheim.com\/index.php\/wp-json\/wp\/v2\/users\/1"}],"replies":[{"embeddable":true,"href":"https:\/\/arts-martiaux-guebwiller-kingersheim.com\/index.php\/wp-json\/wp\/v2\/comments?post=48"}],"version-history":[{"count":4,"href":"https:\/\/arts-martiaux-guebwiller-kingersheim.com\/index.php\/wp-json\/wp\/v2\/pages\/48\/revisions"}],"predecessor-version":[{"id":195,"href":"https:\/\/arts-martiaux-guebwiller-kingersheim.com\/index.php\/wp-json\/wp\/v2\/pages\/48\/revisions\/195"}],"wp:attachment":[{"href":"https:\/\/arts-martiaux-guebwiller-kingersheim.com\/index.php\/wp-json\/wp\/v2\/media?parent=48"}],"curies":[{"name":"wp","href":"https:\/\/api.w.org\/{rel}","templated":true}]}}