{"id":44,"date":"2022-12-21T19:21:33","date_gmt":"2022-12-21T18:21:33","guid":{"rendered":"http:\/\/arts-martiaux-guebwiller-kingersheim.com\/?page_id=44"},"modified":"2022-12-22T09:55:07","modified_gmt":"2022-12-22T08:55:07","slug":"equipe-de-demonstration-schmitz-team","status":"publish","type":"page","link":"https:\/\/arts-martiaux-guebwiller-kingersheim.com\/index.php\/equipe-de-demonstration-schmitz-team\/","title":{"rendered":"Equipe de d\u00e9monstration SCHMITZ TEAM"},"content":{"rendered":"\n<p>\u00a0<br>Compos\u00e9e de plusieurs champions internationaux et champions du monde, cette \u00e9quipe s\u2019est produite \u00e0 de nombreuses reprises, notamment dans des gala d\u2019Arts Martiaux dont Bercy. Elle nous pr\u00e9sente un spectacle de qualit\u00e9 m\u00e9langeant le maniement d\u2019armes (nunchakus, sabres\u2026), des frappes de pr\u00e9cisions, des casses spectaculaires in\u00e9dites, des combats avec ou sans armes\u2026<\/p>\n\n\n<div class=\"wp-block-image\">\n<figure class=\"aligncenter size-large is-resized\"><img loading=\"lazy\" decoding=\"async\" src=\"https:\/\/arts-martiaux-guebwiller-kingersheim.com\/wp-content\/uploads\/2022\/12\/M6_0056375_0242-1024x733.jpg\" alt=\"\" class=\"wp-image-156\" width=\"562\" height=\"402\" srcset=\"https:\/\/arts-martiaux-guebwiller-kingersheim.com\/wp-content\/uploads\/2022\/12\/M6_0056375_0242-1024x733.jpg 1024w, https:\/\/arts-martiaux-guebwiller-kingersheim.com\/wp-content\/uploads\/2022\/12\/M6_0056375_0242-300x215.jpg 300w, https:\/\/arts-martiaux-guebwiller-kingersheim.com\/wp-content\/uploads\/2022\/12\/M6_0056375_0242-768x550.jpg 768w, https:\/\/arts-martiaux-guebwiller-kingersheim.com\/wp-content\/uploads\/2022\/12\/M6_0056375_0242-1536x1100.jpg 1536w, https:\/\/arts-martiaux-guebwiller-kingersheim.com\/wp-content\/uploads\/2022\/12\/M6_0056375_0242-2048x1467.jpg 2048w\" sizes=\"auto, (max-width: 562px) 100vw, 562px\" \/><figcaption class=\"wp-element-caption\">Team SCHMITZ<\/figcaption><\/figure>\n<\/div>\n\n<div class=\"wp-block-image\">\n<figure class=\"aligncenter size-large is-resized\"><img loading=\"lazy\" decoding=\"async\" src=\"https:\/\/arts-martiaux-guebwiller-kingersheim.com\/wp-content\/uploads\/2022\/12\/M6_0056375_0246-1024x733.jpg\" alt=\"\" class=\"wp-image-157\" width=\"560\" height=\"400\" srcset=\"https:\/\/arts-martiaux-guebwiller-kingersheim.com\/wp-content\/uploads\/2022\/12\/M6_0056375_0246-1024x733.jpg 1024w, https:\/\/arts-martiaux-guebwiller-kingersheim.com\/wp-content\/uploads\/2022\/12\/M6_0056375_0246-300x215.jpg 300w, https:\/\/arts-martiaux-guebwiller-kingersheim.com\/wp-content\/uploads\/2022\/12\/M6_0056375_0246-768x550.jpg 768w, https:\/\/arts-martiaux-guebwiller-kingersheim.com\/wp-content\/uploads\/2022\/12\/M6_0056375_0246-1536x1100.jpg 1536w, https:\/\/arts-martiaux-guebwiller-kingersheim.com\/wp-content\/uploads\/2022\/12\/M6_0056375_0246-2048x1467.jpg 2048w\" sizes=\"auto, (max-width: 560px) 100vw, 560px\" \/><figcaption class=\"wp-element-caption\">Team SCHMITZ<\/figcaption><\/figure>\n<\/div>\n\n<div class=\"wp-block-image\">\n<figure class=\"aligncenter size-large is-resized\"><img loading=\"lazy\" decoding=\"async\" src=\"https:\/\/arts-martiaux-guebwiller-kingersheim.com\/wp-content\/uploads\/2022\/12\/M6_0056375_0244-1024x733.jpg\" alt=\"\" class=\"wp-image-158\" width=\"570\" height=\"407\" srcset=\"https:\/\/arts-martiaux-guebwiller-kingersheim.com\/wp-content\/uploads\/2022\/12\/M6_0056375_0244-1024x733.jpg 1024w, https:\/\/arts-martiaux-guebwiller-kingersheim.com\/wp-content\/uploads\/2022\/12\/M6_0056375_0244-300x215.jpg 300w, https:\/\/arts-martiaux-guebwiller-kingersheim.com\/wp-content\/uploads\/2022\/12\/M6_0056375_0244-768x550.jpg 768w, https:\/\/arts-martiaux-guebwiller-kingersheim.com\/wp-content\/uploads\/2022\/12\/M6_0056375_0244-1536x1100.jpg 1536w, https:\/\/arts-martiaux-guebwiller-kingersheim.com\/wp-content\/uploads\/2022\/12\/M6_0056375_0244-2048x1467.jpg 2048w\" sizes=\"auto, (max-width: 570px) 100vw, 570px\" \/><figcaption class=\"wp-element-caption\">Team SCHMITZ<\/figcaption><\/figure>\n<\/div>\n\n\n<p><strong><u>VIDEO&nbsp; :<\/u><\/strong><\/p>\n\n\n\n<p><strong>Paris -bercy :<\/strong><\/p>\n\n\n\n<figure class=\"wp-block-embed is-type-video is-provider-youtube wp-block-embed-youtube wp-embed-aspect-4-3 wp-has-aspect-ratio\"><div class=\"wp-block-embed__wrapper\">\n<iframe loading=\"lazy\" title=\"Demo schmitz team\" width=\"474\" height=\"356\" src=\"https:\/\/www.youtube.com\/embed\/FlKqg8M8mTg?feature=oembed\" frameborder=\"0\" allow=\"accelerometer; autoplay; clipboard-write; encrypted-media; gyroscope; picture-in-picture; web-share\" referrerpolicy=\"strict-origin-when-cross-origin\" allowfullscreen><\/iframe>\n<\/div><\/figure>\n\n\n\n<p><strong>D\u00e9monstrations diverses :<\/strong><\/p>\n\n\n\n<figure class=\"wp-block-embed is-type-video is-provider-youtube wp-block-embed-youtube wp-embed-aspect-16-9 wp-has-aspect-ratio\"><div class=\"wp-block-embed__wrapper\">\n<iframe loading=\"lazy\" title=\"D\u00e9monstration  Schmitz team\" width=\"474\" height=\"267\" src=\"https:\/\/www.youtube.com\/embed\/co0mPjuKR3c?feature=oembed\" frameborder=\"0\" allow=\"accelerometer; autoplay; clipboard-write; encrypted-media; gyroscope; picture-in-picture; web-share\" referrerpolicy=\"strict-origin-when-cross-origin\" allowfullscreen><\/iframe>\n<\/div><\/figure>\n\n\n\n<figure class=\"wp-block-embed is-type-video is-provider-youtube wp-block-embed-youtube wp-embed-aspect-16-9 wp-has-aspect-ratio\"><div class=\"wp-block-embed__wrapper\">\n<iframe loading=\"lazy\" title=\"D\u00e9mo schmitz team    juin 2017\" width=\"474\" height=\"267\" src=\"https:\/\/www.youtube.com\/embed\/64wxBGh4cac?feature=oembed\" frameborder=\"0\" allow=\"accelerometer; autoplay; clipboard-write; encrypted-media; gyroscope; picture-in-picture; web-share\" referrerpolicy=\"strict-origin-when-cross-origin\" allowfullscreen><\/iframe>\n<\/div><\/figure>\n\n\n\n<p><strong>Pour voir la vid\u00e9o de la Schmitz team \u00e0 Incroyable talent sur<\/strong>&nbsp;<strong><u>M6<\/u><\/strong><\/p>\n\n\n\n<figure class=\"wp-block-embed is-type-video is-provider-youtube wp-block-embed-youtube wp-embed-aspect-16-9 wp-has-aspect-ratio\"><div class=\"wp-block-embed__wrapper\">\n<iframe loading=\"lazy\" title=\"Schmitz Team Incroyable Talent  2021\" width=\"474\" height=\"267\" src=\"https:\/\/www.youtube.com\/embed\/FIu_DUBipBQ?feature=oembed\" frameborder=\"0\" allow=\"accelerometer; autoplay; clipboard-write; encrypted-media; gyroscope; picture-in-picture; web-share\" referrerpolicy=\"strict-origin-when-cross-origin\" allowfullscreen><\/iframe>\n<\/div><\/figure>\n\n\n\n<figure class=\"wp-block-embed is-type-video is-provider-youtube wp-block-embed-youtube wp-embed-aspect-4-3 wp-has-aspect-ratio\"><div class=\"wp-block-embed__wrapper\">\n<iframe loading=\"lazy\" title=\"Schmitz Team 2009\" width=\"474\" height=\"356\" src=\"https:\/\/www.youtube.com\/embed\/0bjI1ESa-0k?start=3&#038;feature=oembed\" frameborder=\"0\" allow=\"accelerometer; autoplay; clipboard-write; encrypted-media; gyroscope; picture-in-picture; web-share\" referrerpolicy=\"strict-origin-when-cross-origin\" allowfullscreen><\/iframe>\n<\/div><\/figure>\n","protected":false},"excerpt":{"rendered":"<p>\u00a0Compos\u00e9e de plusieurs champions internationaux et champions du monde, cette \u00e9quipe s\u2019est produite \u00e0 de nombreuses reprises, notamment dans des gala d\u2019Arts Martiaux dont Bercy. Elle nous pr\u00e9sente un spectacle de qualit\u00e9 m\u00e9langeant le maniement d\u2019armes (nunchakus, sabres\u2026), des frappes de pr\u00e9cisions, des casses spectaculaires in\u00e9dites, des combats avec ou sans armes\u2026 VIDEO&nbsp; : Paris &hellip; <a href=\"https:\/\/arts-martiaux-guebwiller-kingersheim.com\/index.php\/equipe-de-demonstration-schmitz-team\/\" class=\"more-link\">Continue reading <span class=\"screen-reader-text\">Equipe de d\u00e9monstration SCHMITZ TEAM<\/span> <span class=\"meta-nav\">&rarr;<\/span><\/a><\/p>\n","protected":false},"author":1,"featured_media":0,"parent":0,"menu_order":0,"comment_status":"closed","ping_status":"closed","template":"","meta":{"footnotes":""},"class_list":["post-44","page","type-page","status-publish","hentry"],"_links":{"self":[{"href":"https:\/\/arts-martiaux-guebwiller-kingersheim.com\/index.php\/wp-json\/wp\/v2\/pages\/44","targetHints":{"allow":["GET"]}}],"collection":[{"href":"https:\/\/arts-martiaux-guebwiller-kingersheim.com\/index.php\/wp-json\/wp\/v2\/pages"}],"about":[{"href":"https:\/\/arts-martiaux-guebwiller-kingersheim.com\/index.php\/wp-json\/wp\/v2\/types\/page"}],"author":[{"embeddable":true,"href":"https:\/\/arts-martiaux-guebwiller-kingersheim.com\/index.php\/wp-json\/wp\/v2\/users\/1"}],"replies":[{"embeddable":true,"href":"https:\/\/arts-martiaux-guebwiller-kingersheim.com\/index.php\/wp-json\/wp\/v2\/comments?post=44"}],"version-history":[{"count":5,"href":"https:\/\/arts-martiaux-guebwiller-kingersheim.com\/index.php\/wp-json\/wp\/v2\/pages\/44\/revisions"}],"predecessor-version":[{"id":160,"href":"https:\/\/arts-martiaux-guebwiller-kingersheim.com\/index.php\/wp-json\/wp\/v2\/pages\/44\/revisions\/160"}],"wp:attachment":[{"href":"https:\/\/arts-martiaux-guebwiller-kingersheim.com\/index.php\/wp-json\/wp\/v2\/media?parent=44"}],"curies":[{"name":"wp","href":"https:\/\/api.w.org\/{rel}","templated":true}]}}