{"id":42,"date":"2022-12-21T19:21:08","date_gmt":"2022-12-21T18:21:08","guid":{"rendered":"http:\/\/arts-martiaux-guebwiller-kingersheim.com\/?page_id=42"},"modified":"2025-09-01T18:50:52","modified_gmt":"2025-09-01T16:50:52","slug":"entraineurs","status":"publish","type":"page","link":"https:\/\/arts-martiaux-guebwiller-kingersheim.com\/index.php\/entraineurs\/","title":{"rendered":"Entra\u00eeneurs"},"content":{"rendered":"\n<p><\/p>\n\n\n\n<p>Entra\u00eeneur et directeur technique des clubs Schmitz team<\/p>\n\n\n\n<figure class=\"wp-block-image size-full\"><img loading=\"lazy\" decoding=\"async\" width=\"802\" height=\"707\" src=\"https:\/\/arts-martiaux-guebwiller-kingersheim.com\/wp-content\/uploads\/2025\/09\/raphael-schmitz.png\" alt=\"\" class=\"wp-image-2159\" srcset=\"https:\/\/arts-martiaux-guebwiller-kingersheim.com\/wp-content\/uploads\/2025\/09\/raphael-schmitz.png 802w, https:\/\/arts-martiaux-guebwiller-kingersheim.com\/wp-content\/uploads\/2025\/09\/raphael-schmitz-300x264.png 300w, https:\/\/arts-martiaux-guebwiller-kingersheim.com\/wp-content\/uploads\/2025\/09\/raphael-schmitz-768x677.png 768w\" sizes=\"auto, (max-width: 802px) 100vw, 802px\" \/><\/figure>\n\n\n\n<p class=\"has-light-gray-background-color has-background has-large-font-size\"><strong>Assist\u00e9 de  : <\/strong><\/p>\n\n\n\n<p><\/p>\n\n\n<div class=\"wp-block-image\">\n<figure class=\"aligncenter size-full\"><img loading=\"lazy\" decoding=\"async\" width=\"326\" height=\"680\" src=\"https:\/\/arts-martiaux-guebwiller-kingersheim.com\/wp-content\/uploads\/2024\/09\/Zeraza-Abdel.jpg\" alt=\"\" class=\"wp-image-1176\" srcset=\"https:\/\/arts-martiaux-guebwiller-kingersheim.com\/wp-content\/uploads\/2024\/09\/Zeraza-Abdel.jpg 326w, https:\/\/arts-martiaux-guebwiller-kingersheim.com\/wp-content\/uploads\/2024\/09\/Zeraza-Abdel-144x300.jpg 144w\" sizes=\"auto, (max-width: 326px) 100vw, 326px\" \/><\/figure>\n<\/div>\n\n\n<p><strong><u>Abdel ZERAZA<\/u><\/strong>&nbsp;:<\/p>\n\n\n\n<ul class=\"wp-block-list\">\n<li>Entra\u00eeneur <strong>Jiu Jitsu Br\u00e9silien, Grappling, Combat Complet et MMA<\/strong><\/li>\n\n\n\n<li>Ceinture noire 2<sup>\u00e8me<\/sup> dan de <strong>Jiu Jitsu Br\u00e9silien<\/strong><\/li>\n\n\n\n<li>Ceinture noire 5<sup>\u00e8me<\/sup> dan de <strong>Combat Complet<\/strong><\/li>\n\n\n\n<li>Vainqueur du World Arts Martial Games de Gen\u00e8ve (Suisse) en <strong>Jiu Jitsu Br\u00e9silien<\/strong><\/li>\n\n\n\n<li>3<sup>\u00e8me<\/sup> au championnat du Monde de <strong>Combat Complet<\/strong><\/li>\n\n\n\n<li>Champion d\u2019Europe de <strong>Jiu Jitsu Br\u00e9silien<\/strong><\/li>\n\n\n\n<li>Vainqueur du grand prix d\u2019Europe de <strong>Combat Complet<\/strong><\/li>\n\n\n\n<li>Vainqueur du grand prix d\u2019Europe de <strong>Combat<\/strong> <strong>Jiu Jitsu<\/strong><\/li>\n\n\n\n<li>Champion de France FSGT <strong>Jiu Jitsu Br\u00e9silien<\/strong><\/li>\n\n\n\n<li>Champion de France FSGT <strong>Grappling<\/strong><\/li>\n<\/ul>\n\n\n\n<p><\/p>\n\n\n\n<p><\/p>\n\n\n<div class=\"wp-block-image\">\n<figure class=\"aligncenter size-full\"><img loading=\"lazy\" decoding=\"async\" width=\"287\" height=\"634\" src=\"https:\/\/arts-martiaux-guebwiller-kingersheim.com\/wp-content\/uploads\/2024\/09\/david-meyer.jpg\" alt=\"\" class=\"wp-image-1178\" srcset=\"https:\/\/arts-martiaux-guebwiller-kingersheim.com\/wp-content\/uploads\/2024\/09\/david-meyer.jpg 287w, https:\/\/arts-martiaux-guebwiller-kingersheim.com\/wp-content\/uploads\/2024\/09\/david-meyer-136x300.jpg 136w\" sizes=\"auto, (max-width: 287px) 100vw, 287px\" \/><\/figure>\n<\/div>\n\n\n<p><strong><u>David <\/u><\/strong><strong><u>MEYER<\/u><\/strong> :<\/p>\n\n\n\n<ul class=\"wp-block-list\">\n<li>Entra\u00eeneur de <strong>Boxe tha\u00ef, Combat Complet, MMA, Grappling et Jiu Jitsu Br\u00e9silien<\/strong><\/li>\n\n\n\n<li>Ceinture noire 1<sup>\u00e8re<\/sup> dan de <strong>Jiu Jitsu Br\u00e9silien<\/strong><\/li>\n\n\n\n<li>Ceinture noire 5<sup>\u00e8me<\/sup> dan de <strong>Combat Complet<\/strong><\/li>\n\n\n\n<li>Champion du Monde de <strong>Combat Complet<\/strong> en 2019<\/li>\n\n\n\n<li>Champion du Monde WIBK all rounds de <strong>MMA<\/strong><\/li>\n\n\n\n<li>Champion d\u2019Europe <strong>Jiu Jitsu Br\u00e9silien<\/strong><\/li>\n\n\n\n<li>Champion de France FSGT de <strong>Grappling<\/strong>&nbsp;<\/li>\n\n\n\n<li>Vainqueur de la coupe de France de <strong>Lutte Contact<\/strong><\/li>\n\n\n\n<li>Finaliste ADCC Italie<\/li>\n\n\n\n<li>Finaliste ADCC Portugal<\/li>\n<\/ul>\n\n\n\n<p><\/p>\n\n\n<div class=\"wp-block-image\">\n<figure class=\"aligncenter size-full\"><img loading=\"lazy\" decoding=\"async\" width=\"287\" height=\"588\" src=\"https:\/\/arts-martiaux-guebwiller-kingersheim.com\/wp-content\/uploads\/2024\/09\/vanar-samboun.jpg\" alt=\"\" class=\"wp-image-1179\" srcset=\"https:\/\/arts-martiaux-guebwiller-kingersheim.com\/wp-content\/uploads\/2024\/09\/vanar-samboun.jpg 287w, https:\/\/arts-martiaux-guebwiller-kingersheim.com\/wp-content\/uploads\/2024\/09\/vanar-samboun-146x300.jpg 146w\" sizes=\"auto, (max-width: 287px) 100vw, 287px\" \/><\/figure>\n<\/div>\n\n\n<p><strong><u>Vannara SAMBOUN<\/u><\/strong>&nbsp;:<\/p>\n\n\n\n<ul class=\"wp-block-list\">\n<li>Entra\u00eeneur de <strong>Boxe tha\u00ef, Combat Complet, Tae Kwon Do et Nunchaku<\/strong><\/li>\n\n\n\n<li>Ceinture noire 1<sup>\u00e8re<\/sup> dan de <strong>Combat Complet<\/strong><\/li>\n\n\n\n<li>Ceinture marron JJB<\/li>\n\n\n\n<li>Ceinture noire 4<sup>\u00e8me<\/sup> dan de Nunchaku<\/li>\n\n\n\n<li>Champion du Monde de Nunchaku Jitsu<\/li>\n\n\n\n<li>Plusieurs fois m\u00e9daill\u00e9 aux championnat du Monde de Nunchaku de combat<\/li>\n\n\n\n<li>Vainqueur du Grand Prix d\u2019Europe de Nunchaku \u00e0 touche \u00e0 Kendal (Angleterre)<\/li>\n\n\n\n<li>Plusieurs fois vice \u2013 champion d\u2019Europe de Combat Complet Total<\/li>\n\n\n\n<li>Plusieurs fois vice \u2013 champion d\u2019Europe de Combat Complet Grappling<\/li>\n\n\n\n<li>Vainqueur du World Arts Martial Games de Gen\u00e8ve (Suisse) en <strong>Boxe tha\u00ef<\/strong><\/li>\n\n\n\n<li>Vainqueur du World Arts Martial Games de Gen\u00e8ve (Suisse) en <strong>Nunchaku<\/strong><\/li>\n\n\n\n<li>2 fois Champion d\u2019Europe de <strong>Self \u2013 D\u00e9fense<\/strong> par \u00e9quipe, avec Franck Baron<\/li>\n\n\n\n<li>Champion de France FSGT de <strong>Boxe tha\u00ef<\/strong><\/li>\n\n\n\n<li>Palmar\u00e8s <strong>MMA <\/strong>(source&nbsp;: Sherdog)&nbsp;: 0 &#8211; 1<\/li>\n<\/ul>\n\n\n\n<p><\/p>\n\n\n<div class=\"wp-block-image\">\n<figure class=\"aligncenter size-full\"><img loading=\"lazy\" decoding=\"async\" width=\"323\" height=\"499\" src=\"https:\/\/arts-martiaux-guebwiller-kingersheim.com\/wp-content\/uploads\/2024\/09\/jean-mary-jackono.jpg\" alt=\"\" class=\"wp-image-1183\" srcset=\"https:\/\/arts-martiaux-guebwiller-kingersheim.com\/wp-content\/uploads\/2024\/09\/jean-mary-jackono.jpg 323w, https:\/\/arts-martiaux-guebwiller-kingersheim.com\/wp-content\/uploads\/2024\/09\/jean-mary-jackono-194x300.jpg 194w\" sizes=\"auto, (max-width: 323px) 100vw, 323px\" \/><\/figure>\n<\/div>\n\n\n<p><strong><u>Jean-Mary JACKONO :<\/u><\/strong><\/p>\n\n\n\n<ul class=\"wp-block-list\">\n<li>Ceinture noire 1<sup>\u00e8re<\/sup> dan de <strong>Krav\u2019 Maga<\/strong><\/li>\n\n\n\n<li>Ceinture noire 1<sup>\u00e8re<\/sup> dan de <strong>Combat Complet<\/strong><\/li>\n\n\n\n<li>Ceinture noire 2<sup>\u00e8me<\/sup> dan de <strong>Combat D\u00e9fense<\/strong><\/li>\n\n\n\n<li>Ceinture violette 2 barrettes de <strong>Jiu Jitsu Br\u00e9silien<\/strong><\/li>\n\n\n\n<li>Champion d\u2019Europe <strong>NAGA<\/strong><\/li>\n\n\n\n<li>Champion d\u2019Europe de <strong>jiu jitsu Br\u00e9silien<\/strong> (master)<\/li>\n\n\n\n<li>2 fois Vice-champion d\u2019Europe masters IBJJF de <strong>Jiu Jitsu Br\u00e9silien<\/strong><\/li>\n\n\n\n<li>4 fois champion de France FSGT de <strong>Jiu Jitsu Br\u00e9silien<\/strong><\/li>\n\n\n\n<li>Champion du monde <strong>jiu jitsu Br\u00e9silien<\/strong> (CBJJE) master 5<\/li>\n<\/ul>\n\n\n\n<p><\/p>\n\n\n\n<p><\/p>\n\n\n<div class=\"wp-block-image\">\n<figure class=\"aligncenter size-full\"><img loading=\"lazy\" decoding=\"async\" width=\"1024\" height=\"473\" src=\"https:\/\/arts-martiaux-guebwiller-kingersheim.com\/wp-content\/uploads\/2024\/09\/IMG_0836-1024x473-1.png\" alt=\"\" class=\"wp-image-1190\" srcset=\"https:\/\/arts-martiaux-guebwiller-kingersheim.com\/wp-content\/uploads\/2024\/09\/IMG_0836-1024x473-1.png 1024w, https:\/\/arts-martiaux-guebwiller-kingersheim.com\/wp-content\/uploads\/2024\/09\/IMG_0836-1024x473-1-300x139.png 300w, https:\/\/arts-martiaux-guebwiller-kingersheim.com\/wp-content\/uploads\/2024\/09\/IMG_0836-1024x473-1-768x355.png 768w\" sizes=\"auto, (max-width: 1024px) 100vw, 1024px\" \/><\/figure>\n<\/div>\n\n\n<p><strong><u>Yann RISACHER<\/u><\/strong>&nbsp;<\/p>\n\n\n\n<ul class=\"wp-block-list\">\n<li>Plusieurs fois champion de France FSGT de boxe Tha\u00ef<\/li>\n\n\n\n<li>Vainqueur de l\u2019HFC et shogun ( Suisse)<\/li>\n<\/ul>\n\n\n<div class=\"wp-block-image\">\n<figure class=\"aligncenter size-full is-resized\"><img loading=\"lazy\" decoding=\"async\" width=\"116\" height=\"323\" src=\"https:\/\/arts-martiaux-guebwiller-kingersheim.com\/wp-content\/uploads\/2024\/09\/Regis-burger.png\" alt=\"\" class=\"wp-image-1188\" style=\"width:164px;height:auto\" srcset=\"https:\/\/arts-martiaux-guebwiller-kingersheim.com\/wp-content\/uploads\/2024\/09\/Regis-burger.png 116w, https:\/\/arts-martiaux-guebwiller-kingersheim.com\/wp-content\/uploads\/2024\/09\/Regis-burger-108x300.png 108w\" sizes=\"auto, (max-width: 116px) 100vw, 116px\" \/><\/figure>\n<\/div>\n\n\n<p><strong><u>Regis Burger<\/u><\/strong><\/p>\n\n\n\n<ul class=\"wp-block-list\">\n<li>Titulaire du DIF<\/li>\n\n\n\n<li>M\u00e9daill\u00e9 aux championnats du monde de combat complet<\/li>\n\n\n\n<li>Vainqueur de l\u2019open de France de combat complet et combat contact.<\/li>\n\n\n\n<li>1er de&nbsp; la coupe de France de jiu jitsu Br\u00e9silien FSGT.<\/li>\n\n\n\n<li>Champion d\u2019Europe de combat boxing et combat complet<\/li>\n\n\n\n<li>2 Fois champion de France de Boxe Tha\u00ef<\/li>\n<\/ul>\n\n\n\n<p><\/p>\n\n\n<div class=\"wp-block-image\">\n<figure class=\"aligncenter size-full\"><img loading=\"lazy\" decoding=\"async\" width=\"312\" height=\"451\" src=\"https:\/\/arts-martiaux-guebwiller-kingersheim.com\/wp-content\/uploads\/2024\/09\/Sais-mahmil.jpg\" alt=\"\" class=\"wp-image-1184\" srcset=\"https:\/\/arts-martiaux-guebwiller-kingersheim.com\/wp-content\/uploads\/2024\/09\/Sais-mahmil.jpg 312w, https:\/\/arts-martiaux-guebwiller-kingersheim.com\/wp-content\/uploads\/2024\/09\/Sais-mahmil-208x300.jpg 208w\" sizes=\"auto, (max-width: 312px) 100vw, 312px\" \/><\/figure>\n<\/div>\n\n\n<p><strong><u>Said Mhamil<\/u><\/strong><\/p>\n\n\n\n<ul class=\"wp-block-list\">\n<li>Ceinture noire de <strong>jiu jitsu Br\u00e9silien<\/strong><\/li>\n\n\n\n<li>Champion d\u2019Europe de <strong>jiu jitsu br\u00e9silien<\/strong> en master<\/li>\n\n\n\n<li>Vice champion d\u2019Europe en <strong>absolute<\/strong><\/li>\n<\/ul>\n\n\n\n<p><\/p>\n\n\n<div class=\"wp-block-image\">\n<figure class=\"aligncenter size-full\"><img loading=\"lazy\" decoding=\"async\" width=\"278\" height=\"465\" src=\"https:\/\/arts-martiaux-guebwiller-kingersheim.com\/wp-content\/uploads\/2024\/09\/Armin-limani.jpg\" alt=\"\" class=\"wp-image-1186\" srcset=\"https:\/\/arts-martiaux-guebwiller-kingersheim.com\/wp-content\/uploads\/2024\/09\/Armin-limani.jpg 278w, https:\/\/arts-martiaux-guebwiller-kingersheim.com\/wp-content\/uploads\/2024\/09\/Armin-limani-179x300.jpg 179w\" sizes=\"auto, (max-width: 278px) 100vw, 278px\" \/><\/figure>\n<\/div>\n\n\n<p><strong><u>Armin Limani<\/u><\/strong><\/p>\n\n\n\n<ul class=\"wp-block-list\">\n<li>Ceinture noire <strong>Jiu Jitsu Br\u00e9silien<\/strong><\/li>\n\n\n\n<li>Vainqueur Grand Prix d\u2019Europe <strong>grappling et jiu jitsu<\/strong><\/li>\n<\/ul>\n\n\n<div class=\"wp-block-image\">\n<figure class=\"aligncenter size-large\"><img loading=\"lazy\" decoding=\"async\" width=\"768\" height=\"1024\" src=\"https:\/\/arts-martiaux-guebwiller-kingersheim.com\/wp-content\/uploads\/2025\/01\/Christophe-Liebisch-1-768x1024.jpg\" alt=\"\" class=\"wp-image-1403\" srcset=\"https:\/\/arts-martiaux-guebwiller-kingersheim.com\/wp-content\/uploads\/2025\/01\/Christophe-Liebisch-1-768x1024.jpg 768w, https:\/\/arts-martiaux-guebwiller-kingersheim.com\/wp-content\/uploads\/2025\/01\/Christophe-Liebisch-1-225x300.jpg 225w, https:\/\/arts-martiaux-guebwiller-kingersheim.com\/wp-content\/uploads\/2025\/01\/Christophe-Liebisch-1-1152x1536.jpg 1152w, https:\/\/arts-martiaux-guebwiller-kingersheim.com\/wp-content\/uploads\/2025\/01\/Christophe-Liebisch-1-1536x2048.jpg 1536w, https:\/\/arts-martiaux-guebwiller-kingersheim.com\/wp-content\/uploads\/2025\/01\/Christophe-Liebisch-1-scaled.jpg 1920w\" sizes=\"auto, (max-width: 768px) 100vw, 768px\" \/><\/figure>\n<\/div>\n\n\n<p><\/p>\n\n\n\n<p><strong><u>Christophe Liebisch<\/u><\/strong><\/p>\n\n\n\n<p>1er au SFT 2  en grappling <\/p>\n\n\n\n<p>1er au Grand prix d&#8217;Europe Combat Complet <\/p>\n\n\n\n<p>1er IDM Allemagne ( 2 fois)<\/p>\n\n\n\n<p>1er AJP Paris <\/p>\n\n\n\n<p>1er AJP Allemagne<\/p>\n\n\n\n<p>1er AJP Suisse ( 2 fois)<\/p>\n\n\n\n<p>3\u00e8me Championnat d&#8217;Europe de Jiu jitsu Br\u00e9silien master ( Barcelone)<\/p>\n\n\n\n<p><\/p>\n","protected":false},"excerpt":{"rendered":"<p>Entra\u00eeneur et directeur technique des clubs Schmitz team Assist\u00e9 de : Abdel ZERAZA&nbsp;: David MEYER : Vannara SAMBOUN&nbsp;: Jean-Mary JACKONO : Yann RISACHER&nbsp; Regis Burger Said Mhamil Armin Limani Christophe Liebisch 1er au SFT 2 en grappling 1er au Grand prix d&#8217;Europe Combat Complet 1er IDM Allemagne ( 2 fois) 1er AJP Paris 1er AJP &hellip; <a href=\"https:\/\/arts-martiaux-guebwiller-kingersheim.com\/index.php\/entraineurs\/\" class=\"more-link\">Continue reading <span class=\"screen-reader-text\">Entra\u00eeneurs<\/span> <span class=\"meta-nav\">&rarr;<\/span><\/a><\/p>\n","protected":false},"author":1,"featured_media":0,"parent":0,"menu_order":0,"comment_status":"closed","ping_status":"closed","template":"","meta":{"footnotes":""},"class_list":["post-42","page","type-page","status-publish","hentry"],"_links":{"self":[{"href":"https:\/\/arts-martiaux-guebwiller-kingersheim.com\/index.php\/wp-json\/wp\/v2\/pages\/42","targetHints":{"allow":["GET"]}}],"collection":[{"href":"https:\/\/arts-martiaux-guebwiller-kingersheim.com\/index.php\/wp-json\/wp\/v2\/pages"}],"about":[{"href":"https:\/\/arts-martiaux-guebwiller-kingersheim.com\/index.php\/wp-json\/wp\/v2\/types\/page"}],"author":[{"embeddable":true,"href":"https:\/\/arts-martiaux-guebwiller-kingersheim.com\/index.php\/wp-json\/wp\/v2\/users\/1"}],"replies":[{"embeddable":true,"href":"https:\/\/arts-martiaux-guebwiller-kingersheim.com\/index.php\/wp-json\/wp\/v2\/comments?post=42"}],"version-history":[{"count":25,"href":"https:\/\/arts-martiaux-guebwiller-kingersheim.com\/index.php\/wp-json\/wp\/v2\/pages\/42\/revisions"}],"predecessor-version":[{"id":2160,"href":"https:\/\/arts-martiaux-guebwiller-kingersheim.com\/index.php\/wp-json\/wp\/v2\/pages\/42\/revisions\/2160"}],"wp:attachment":[{"href":"https:\/\/arts-martiaux-guebwiller-kingersheim.com\/index.php\/wp-json\/wp\/v2\/media?parent=42"}],"curies":[{"name":"wp","href":"https:\/\/api.w.org\/{rel}","templated":true}]}}