{"id":36,"date":"2022-12-21T19:20:17","date_gmt":"2022-12-21T18:20:17","guid":{"rendered":"http:\/\/arts-martiaux-guebwiller-kingersheim.com\/?page_id=36"},"modified":"2026-02-05T11:31:27","modified_gmt":"2026-02-05T10:31:27","slug":"horaires-et-lieux-des-cours","status":"publish","type":"page","link":"https:\/\/arts-martiaux-guebwiller-kingersheim.com\/index.php\/horaires-et-lieux-des-cours\/","title":{"rendered":"HORAIRES"},"content":{"rendered":"\n<p><\/p>\n\n\n\n<p><\/p>\n\n\n\n<p class=\"has-text-color has-link-color has-medium-font-size wp-elements-690e05849cac9907a9be43166b3fc060\" style=\"color:#962424\"><strong>GUEBWILLER<\/strong>&nbsp;:&nbsp;<\/p>\n\n\n\n<p class=\"has-black-color has-text-color has-link-color wp-elements-7d5ae8c1edbddfd1241f380fb6e96c5e\">Adresse des salles All in Fitness&nbsp; &#8211; 153 rue Th\u00e9odore Deck \u00e0 Guebwiller &#8211; Salle Athl\u00e9tique Union 36 Rue du G\u00e9n\u00e9ral de Gaulle \u00e0 Guebwiller &#8211; Salle MAB 22 Rue de la Marne \u00e0 Soultz<\/p>\n\n\n\n<p>T\u00e9l\u00e9charger le planning <strong><a href=\"https:\/\/arts-martiaux-guebwiller-kingersheim.com\/wp-content\/uploads\/2026\/01\/Sans-titre.jpg\">ici<\/a><\/strong><\/p>\n\n\n<div class=\"wp-block-image\">\n<figure class=\"aligncenter size-full\"><img loading=\"lazy\" decoding=\"async\" width=\"1156\" height=\"641\" src=\"https:\/\/arts-martiaux-guebwiller-kingersheim.com\/wp-content\/uploads\/2026\/01\/Sans-titre.jpg\" alt=\"\" class=\"wp-image-2367\" srcset=\"https:\/\/arts-martiaux-guebwiller-kingersheim.com\/wp-content\/uploads\/2026\/01\/Sans-titre.jpg 1156w, https:\/\/arts-martiaux-guebwiller-kingersheim.com\/wp-content\/uploads\/2026\/01\/Sans-titre-300x166.jpg 300w, https:\/\/arts-martiaux-guebwiller-kingersheim.com\/wp-content\/uploads\/2026\/01\/Sans-titre-1024x568.jpg 1024w, https:\/\/arts-martiaux-guebwiller-kingersheim.com\/wp-content\/uploads\/2026\/01\/Sans-titre-768x426.jpg 768w, https:\/\/arts-martiaux-guebwiller-kingersheim.com\/wp-content\/uploads\/2026\/01\/Sans-titre-672x372.jpg 672w, https:\/\/arts-martiaux-guebwiller-kingersheim.com\/wp-content\/uploads\/2026\/01\/Sans-titre-1038x576.jpg 1038w\" sizes=\"auto, (max-width: 1156px) 100vw, 1156px\" \/><\/figure>\n<\/div>\n\n\n<p class=\"has-text-color has-link-color has-medium-font-size wp-elements-29982216f9b442fae1f31da36956f05c\" style=\"color:#962424\"><strong>KINGERSHEIM<\/strong>&nbsp;: <\/p>\n\n\n\n<p>Salle polyvalente &#8211; 4 Rue Pierre Coubertin<\/p>\n\n\n\n<p>T\u00e9l\u00e9charger le planning <strong><a href=\"https:\/\/arts-martiaux-guebwiller-kingersheim.com\/wp-content\/uploads\/2025\/10\/planning-sft-k-11.25-1.png\">ici<\/a><\/strong><\/p>\n\n\n\n<figure class=\"wp-block-gallery has-nested-images columns-default is-cropped wp-block-gallery-1 is-layout-flex wp-block-gallery-is-layout-flex\">\n<figure class=\"wp-block-image size-full\"><img loading=\"lazy\" decoding=\"async\" width=\"831\" height=\"545\" data-id=\"2235\" src=\"https:\/\/arts-martiaux-guebwiller-kingersheim.com\/wp-content\/uploads\/2025\/10\/planning-sft-k-11.25-1.png\" alt=\"\" class=\"wp-image-2235\" srcset=\"https:\/\/arts-martiaux-guebwiller-kingersheim.com\/wp-content\/uploads\/2025\/10\/planning-sft-k-11.25-1.png 831w, https:\/\/arts-martiaux-guebwiller-kingersheim.com\/wp-content\/uploads\/2025\/10\/planning-sft-k-11.25-1-300x197.png 300w, https:\/\/arts-martiaux-guebwiller-kingersheim.com\/wp-content\/uploads\/2025\/10\/planning-sft-k-11.25-1-768x504.png 768w\" sizes=\"auto, (max-width: 831px) 100vw, 831px\" \/><\/figure>\n<\/figure>\n\n\n\n<p class=\"has-text-color has-link-color has-medium-font-size wp-elements-05a55c1bd9bc3e3d4d3c03b549977679\" style=\"color:#962424\"><strong>SOULTZ<\/strong>&nbsp;: <\/p>\n\n\n\n<p>MAB &#8211; 22 Rue de la Marne<\/p>\n\n\n\n<figure class=\"wp-block-table\"><table class=\"has-fixed-layout\"><tbody><tr><td><strong>&nbsp;Lundi : <\/strong><br><strong>Tae kwon do&nbsp; &#8211; Nunchaku <\/strong> &nbsp;18h30&nbsp; \u00e0 20h00 ( ados &#8211; adultes)<br><br><strong>Vendredi : <\/strong><br><strong>Combat complet <\/strong> 17h50 \u00e0 18h50 (enfants 6 \u00e0 14 ans)<br><strong>Combat complet \u2013 grappling- jjb (cours combats)<\/strong> 18h50 \u00e0 20h15 (ados + adultes)<br><\/td><\/tr><\/tbody><\/table><\/figure>\n\n\n\n<p class=\"has-text-color has-link-color has-medium-font-size wp-elements-25d5c82c9c0d9eda83b6d0e5e0726f46\" style=\"color:#962424\"><strong>BOLLWILLER<\/strong>&nbsp;: <\/p>\n\n\n\n<p>Au pr\u00e9au de l\u2019\u00e9cole des Tilleuls &#8211; 1 place de Verdun<\/p>\n\n\n\n<figure class=\"wp-block-table\"><table class=\"has-fixed-layout\"><tbody><tr><td><strong>Vendredi Tae Kwon do <\/strong> 18h00 \u00e0 19h00&nbsp; (6-14 ans)<\/td><\/tr><\/tbody><\/table><\/figure>\n\n\n\n<p><\/p>\n\n\n\n<p class=\"has-text-color has-link-color has-medium-font-size wp-elements-f353e6b38eedcaf00525a32138d13bdd\" style=\"color:#962424\"><strong>BERGHOLTZ<\/strong>&nbsp;: <\/p>\n\n\n\n<p>Salle polyvalente&nbsp; &#8211; 6 rue Bergholtz-Zell<\/p>\n\n\n\n<figure class=\"wp-block-table\"><table class=\"has-fixed-layout\"><tbody><tr><td><strong>Jeudi : Tae Kwon Do<\/strong> 18h15 \u00e0 18h15 (6-14 ans)<\/td><\/tr><\/tbody><\/table><\/figure>\n\n\n\n<p><\/p>\n\n\n\n<p class=\"has-text-color has-link-color has-medium-font-size wp-elements-44c9a1807a60420f5978edbfe1403184\" style=\"color:#962424\"><strong>WITTELSHEIM<\/strong>&nbsp;:<\/p>\n\n\n\n<p> Maison de la Jeunesse&nbsp; &#8211; 114 Rue de Reiningue<\/p>\n\n\n\n<figure class=\"wp-block-table\"><table class=\"has-fixed-layout\"><tbody><tr><td><strong>Samedi  : <\/strong><br><strong>Martial Kids<\/strong>  de 13h45 \u00e0 14h30 ( initiation 3-6 ans) <strong><br>Tae Kwon Do<\/strong> de 14h30 \u00e0 15h30 enfants de 6 \u00e0 12 ans<br>de 15h30 \u00e0 16h30 + de 12 ans et adultes<br><strong>Combat Complet <\/strong> de 14h30 \u00e0 15h30 enfants de 6 \u00e0 12 ans<br>de 15h30 \u00e0 16h30 + de 12 ans (jusqu&#8217;\u00e0 17h pour les + de 15 ans)<br><strong>MMA<\/strong> de 15h30 \u00e0 17h00 ados + de 14 ans et adultes<br><\/td><\/tr><\/tbody><\/table><\/figure>\n\n\n\n<p class=\"has-text-color has-link-color has-medium-font-size wp-elements-5bc81dbbc7d2ccd4d7582c0b9af2e369\" style=\"color:#600e0e\"><strong>BELFORT <\/strong>&nbsp;:<\/p>\n\n\n\n<p>Gymnase Pierre Bonnet ( Rue Anouar El Sadate)<\/p>\n\n\n\n<p>Le samedi entra\u00eenement \u00e0 la maison du Peuple ( 1 Place de la R\u00e9sistance)<\/p>\n\n\n\n<figure class=\"wp-block-table\"><table class=\"has-fixed-layout\"><tbody><tr><td><br>Lundi 20h00 \u00e0 22h00 ( Grappling adultes )<br>Mardi 18h00 \u00e0 19h00 ( combat complet enfant 6-11 ans)<br>Mercredi 20h00 \u00e0 22h00 ( Jiu jitsu Br\u00e9silien adultes )<br>Vendredi 20h00 \u00e0 22h00 ( MMA adultes)<br>Samedi 11h \u00e0 12h00 ( combat complet enfant 6-11 ans)<br>Samedi 12h00 \u00e0 14h00 ( Cours combat adultes) <br><\/td><\/tr><\/tbody><\/table><\/figure>\n\n\n\n<div class=\"wp-block-buttons is-layout-flex wp-block-buttons-is-layout-flex\">\n<div class=\"wp-block-button\"><a class=\"wp-block-button__link wp-element-button\" href=\"https:\/\/arts-martiaux-guebwiller-kingersheim.com\/wp-content\/uploads\/2026\/02\/planning-ts-clubs.png\">Planning tous les clubs <\/a><\/div>\n<\/div>\n\n\n\n<p><\/p>\n\n\n\n<div class=\"wp-block-buttons is-layout-flex wp-block-buttons-is-layout-flex\"><\/div>\n\n\n\n<p><\/p>\n\n\n\n<p><\/p>\n","protected":false},"excerpt":{"rendered":"<p>GUEBWILLER&nbsp;:&nbsp; Adresse des salles All in Fitness&nbsp; &#8211; 153 rue Th\u00e9odore Deck \u00e0 Guebwiller &#8211; Salle Athl\u00e9tique Union 36 Rue du G\u00e9n\u00e9ral de Gaulle \u00e0 Guebwiller &#8211; Salle MAB 22 Rue de la Marne \u00e0 Soultz T\u00e9l\u00e9charger le planning ici KINGERSHEIM&nbsp;: Salle polyvalente &#8211; 4 Rue Pierre Coubertin T\u00e9l\u00e9charger le planning ici SOULTZ&nbsp;: MAB &#8211; &hellip; <a href=\"https:\/\/arts-martiaux-guebwiller-kingersheim.com\/index.php\/horaires-et-lieux-des-cours\/\" class=\"more-link\">Continue reading <span class=\"screen-reader-text\">HORAIRES<\/span> <span class=\"meta-nav\">&rarr;<\/span><\/a><\/p>\n","protected":false},"author":1,"featured_media":0,"parent":0,"menu_order":0,"comment_status":"closed","ping_status":"closed","template":"","meta":{"footnotes":""},"class_list":["post-36","page","type-page","status-publish","hentry"],"_links":{"self":[{"href":"https:\/\/arts-martiaux-guebwiller-kingersheim.com\/index.php\/wp-json\/wp\/v2\/pages\/36","targetHints":{"allow":["GET"]}}],"collection":[{"href":"https:\/\/arts-martiaux-guebwiller-kingersheim.com\/index.php\/wp-json\/wp\/v2\/pages"}],"about":[{"href":"https:\/\/arts-martiaux-guebwiller-kingersheim.com\/index.php\/wp-json\/wp\/v2\/types\/page"}],"author":[{"embeddable":true,"href":"https:\/\/arts-martiaux-guebwiller-kingersheim.com\/index.php\/wp-json\/wp\/v2\/users\/1"}],"replies":[{"embeddable":true,"href":"https:\/\/arts-martiaux-guebwiller-kingersheim.com\/index.php\/wp-json\/wp\/v2\/comments?post=36"}],"version-history":[{"count":102,"href":"https:\/\/arts-martiaux-guebwiller-kingersheim.com\/index.php\/wp-json\/wp\/v2\/pages\/36\/revisions"}],"predecessor-version":[{"id":2382,"href":"https:\/\/arts-martiaux-guebwiller-kingersheim.com\/index.php\/wp-json\/wp\/v2\/pages\/36\/revisions\/2382"}],"wp:attachment":[{"href":"https:\/\/arts-martiaux-guebwiller-kingersheim.com\/index.php\/wp-json\/wp\/v2\/media?parent=36"}],"curies":[{"name":"wp","href":"https:\/\/api.w.org\/{rel}","templated":true}]}}