{"id":34,"date":"2022-12-21T19:19:52","date_gmt":"2022-12-21T18:19:52","guid":{"rendered":"http:\/\/arts-martiaux-guebwiller-kingersheim.com\/?page_id=34"},"modified":"2026-03-23T10:41:29","modified_gmt":"2026-03-23T09:41:29","slug":"article-presse","status":"publish","type":"page","link":"https:\/\/arts-martiaux-guebwiller-kingersheim.com\/index.php\/article-presse\/","title":{"rendered":"Article presse"},"content":{"rendered":"\n<figure class=\"wp-block-gallery has-nested-images columns-default is-cropped wp-block-gallery-1 is-layout-flex wp-block-gallery-is-layout-flex\">\n<figure class=\"wp-block-image size-large\"><img loading=\"lazy\" decoding=\"async\" width=\"460\" height=\"441\" data-id=\"2492\" src=\"https:\/\/arts-martiaux-guebwiller-kingersheim.com\/wp-content\/uploads\/2026\/03\/article-resultats-sportif-schmitz-team.png\" alt=\"\" class=\"wp-image-2492\" srcset=\"https:\/\/arts-martiaux-guebwiller-kingersheim.com\/wp-content\/uploads\/2026\/03\/article-resultats-sportif-schmitz-team.png 460w, https:\/\/arts-martiaux-guebwiller-kingersheim.com\/wp-content\/uploads\/2026\/03\/article-resultats-sportif-schmitz-team-300x288.png 300w\" sizes=\"auto, (max-width: 460px) 100vw, 460px\" \/><\/figure>\n<\/figure>\n\n\n\n<p><\/p>\n\n\n\n<figure class=\"wp-block-gallery has-nested-images columns-default is-cropped wp-block-gallery-2 is-layout-flex wp-block-gallery-is-layout-flex\">\n<figure class=\"wp-block-image size-large\"><img loading=\"lazy\" decoding=\"async\" width=\"839\" height=\"616\" data-id=\"2446\" src=\"https:\/\/arts-martiaux-guebwiller-kingersheim.com\/wp-content\/uploads\/2026\/03\/Article-AM-SFT-Guebwiller.png\" alt=\"\" class=\"wp-image-2446\" srcset=\"https:\/\/arts-martiaux-guebwiller-kingersheim.com\/wp-content\/uploads\/2026\/03\/Article-AM-SFT-Guebwiller.png 839w, https:\/\/arts-martiaux-guebwiller-kingersheim.com\/wp-content\/uploads\/2026\/03\/Article-AM-SFT-Guebwiller-300x220.png 300w, https:\/\/arts-martiaux-guebwiller-kingersheim.com\/wp-content\/uploads\/2026\/03\/Article-AM-SFT-Guebwiller-768x564.png 768w\" sizes=\"auto, (max-width: 839px) 100vw, 839px\" \/><\/figure>\n<\/figure>\n\n\n<div class=\"wp-block-image\">\n<figure class=\"aligncenter size-full is-resized\"><img loading=\"lazy\" decoding=\"async\" width=\"458\" height=\"671\" src=\"https:\/\/arts-martiaux-guebwiller-kingersheim.com\/wp-content\/uploads\/2025\/12\/Sans-titre.png\" alt=\"\" class=\"wp-image-2312\" style=\"width:352px;height:auto\" srcset=\"https:\/\/arts-martiaux-guebwiller-kingersheim.com\/wp-content\/uploads\/2025\/12\/Sans-titre.png 458w, https:\/\/arts-martiaux-guebwiller-kingersheim.com\/wp-content\/uploads\/2025\/12\/Sans-titre-205x300.png 205w\" sizes=\"auto, (max-width: 458px) 100vw, 458px\" \/><\/figure>\n<\/div>\n\n\n<figure class=\"wp-block-image size-full\"><img loading=\"lazy\" decoding=\"async\" width=\"783\" height=\"877\" src=\"https:\/\/arts-martiaux-guebwiller-kingersheim.com\/wp-content\/uploads\/2026\/01\/Manouella-Rieth.png\" alt=\"\" class=\"wp-image-2320\" srcset=\"https:\/\/arts-martiaux-guebwiller-kingersheim.com\/wp-content\/uploads\/2026\/01\/Manouella-Rieth.png 783w, https:\/\/arts-martiaux-guebwiller-kingersheim.com\/wp-content\/uploads\/2026\/01\/Manouella-Rieth-268x300.png 268w, https:\/\/arts-martiaux-guebwiller-kingersheim.com\/wp-content\/uploads\/2026\/01\/Manouella-Rieth-768x860.png 768w\" sizes=\"auto, (max-width: 783px) 100vw, 783px\" \/><\/figure>\n\n\n<div class=\"wp-block-image\">\n<figure class=\"aligncenter size-full is-resized\"><img loading=\"lazy\" decoding=\"async\" width=\"391\" height=\"700\" src=\"https:\/\/arts-martiaux-guebwiller-kingersheim.com\/wp-content\/uploads\/2025\/10\/article-sambo.jpg\" alt=\"\" class=\"wp-image-2239\" style=\"width:291px;height:auto\" srcset=\"https:\/\/arts-martiaux-guebwiller-kingersheim.com\/wp-content\/uploads\/2025\/10\/article-sambo.jpg 391w, https:\/\/arts-martiaux-guebwiller-kingersheim.com\/wp-content\/uploads\/2025\/10\/article-sambo-168x300.jpg 168w\" sizes=\"auto, (max-width: 391px) 100vw, 391px\" \/><\/figure>\n<\/div>\n\n<div class=\"wp-block-image\">\n<figure class=\"aligncenter size-full\"><img loading=\"lazy\" decoding=\"async\" width=\"236\" height=\"767\" src=\"https:\/\/arts-martiaux-guebwiller-kingersheim.com\/wp-content\/uploads\/2025\/09\/Article-jiu-jitsu-bresilien-las-vegas.png\" alt=\"\" class=\"wp-image-2208\" srcset=\"https:\/\/arts-martiaux-guebwiller-kingersheim.com\/wp-content\/uploads\/2025\/09\/Article-jiu-jitsu-bresilien-las-vegas.png 236w, https:\/\/arts-martiaux-guebwiller-kingersheim.com\/wp-content\/uploads\/2025\/09\/Article-jiu-jitsu-bresilien-las-vegas-92x300.png 92w\" sizes=\"auto, (max-width: 236px) 100vw, 236px\" \/><\/figure>\n<\/div>\n\n<div class=\"wp-block-image\">\n<figure class=\"aligncenter size-full\"><img loading=\"lazy\" decoding=\"async\" width=\"804\" height=\"658\" src=\"https:\/\/arts-martiaux-guebwiller-kingersheim.com\/wp-content\/uploads\/2025\/09\/Article-mma-martial-arts.jpg\" alt=\"\" class=\"wp-image-2207\" srcset=\"https:\/\/arts-martiaux-guebwiller-kingersheim.com\/wp-content\/uploads\/2025\/09\/Article-mma-martial-arts.jpg 804w, https:\/\/arts-martiaux-guebwiller-kingersheim.com\/wp-content\/uploads\/2025\/09\/Article-mma-martial-arts-300x246.jpg 300w, https:\/\/arts-martiaux-guebwiller-kingersheim.com\/wp-content\/uploads\/2025\/09\/Article-mma-martial-arts-768x629.jpg 768w\" sizes=\"auto, (max-width: 804px) 100vw, 804px\" \/><\/figure>\n<\/div>\n\n<div class=\"wp-block-image\">\n<figure class=\"aligncenter size-full\"><img loading=\"lazy\" decoding=\"async\" width=\"905\" height=\"575\" src=\"https:\/\/arts-martiaux-guebwiller-kingersheim.com\/wp-content\/uploads\/2025\/06\/article-boxe-thai-dojo-form-guebwiller.png\" alt=\"\" class=\"wp-image-1907\" srcset=\"https:\/\/arts-martiaux-guebwiller-kingersheim.com\/wp-content\/uploads\/2025\/06\/article-boxe-thai-dojo-form-guebwiller.png 905w, https:\/\/arts-martiaux-guebwiller-kingersheim.com\/wp-content\/uploads\/2025\/06\/article-boxe-thai-dojo-form-guebwiller-300x191.png 300w, https:\/\/arts-martiaux-guebwiller-kingersheim.com\/wp-content\/uploads\/2025\/06\/article-boxe-thai-dojo-form-guebwiller-768x488.png 768w\" sizes=\"auto, (max-width: 905px) 100vw, 905px\" \/><\/figure>\n<\/div>\n\n<div class=\"wp-block-image\">\n<figure class=\"aligncenter size-full\"><img loading=\"lazy\" decoding=\"async\" width=\"438\" height=\"841\" src=\"https:\/\/arts-martiaux-guebwiller-kingersheim.com\/wp-content\/uploads\/2025\/04\/artilce-sambo-dojo-form-guebwiller.png\" alt=\"\" class=\"wp-image-1647\" srcset=\"https:\/\/arts-martiaux-guebwiller-kingersheim.com\/wp-content\/uploads\/2025\/04\/artilce-sambo-dojo-form-guebwiller.png 438w, https:\/\/arts-martiaux-guebwiller-kingersheim.com\/wp-content\/uploads\/2025\/04\/artilce-sambo-dojo-form-guebwiller-156x300.png 156w\" sizes=\"auto, (max-width: 438px) 100vw, 438px\" \/><\/figure>\n<\/div>\n\n<div class=\"wp-block-image\">\n<figure class=\"aligncenter size-large\"><img loading=\"lazy\" decoding=\"async\" width=\"1024\" height=\"598\" src=\"https:\/\/arts-martiaux-guebwiller-kingersheim.com\/wp-content\/uploads\/2025\/03\/trophee-champions-dojo-form-guebwiller-1024x598.png\" alt=\"\" class=\"wp-image-1568\" srcset=\"https:\/\/arts-martiaux-guebwiller-kingersheim.com\/wp-content\/uploads\/2025\/03\/trophee-champions-dojo-form-guebwiller-1024x598.png 1024w, https:\/\/arts-martiaux-guebwiller-kingersheim.com\/wp-content\/uploads\/2025\/03\/trophee-champions-dojo-form-guebwiller-300x175.png 300w, https:\/\/arts-martiaux-guebwiller-kingersheim.com\/wp-content\/uploads\/2025\/03\/trophee-champions-dojo-form-guebwiller-768x448.png 768w, https:\/\/arts-martiaux-guebwiller-kingersheim.com\/wp-content\/uploads\/2025\/03\/trophee-champions-dojo-form-guebwiller.png 1062w\" sizes=\"auto, (max-width: 1024px) 100vw, 1024px\" \/><\/figure>\n<\/div>\n\n<div class=\"wp-block-image\">\n<figure class=\"aligncenter size-full\"><img loading=\"lazy\" decoding=\"async\" width=\"413\" height=\"393\" src=\"https:\/\/arts-martiaux-guebwiller-kingersheim.com\/wp-content\/uploads\/2025\/02\/Raphael-schmitz.png\" alt=\"\" class=\"wp-image-1442\" srcset=\"https:\/\/arts-martiaux-guebwiller-kingersheim.com\/wp-content\/uploads\/2025\/02\/Raphael-schmitz.png 413w, https:\/\/arts-martiaux-guebwiller-kingersheim.com\/wp-content\/uploads\/2025\/02\/Raphael-schmitz-300x285.png 300w\" sizes=\"auto, (max-width: 413px) 100vw, 413px\" \/><\/figure>\n<\/div>\n\n<div class=\"wp-block-image\">\n<figure class=\"aligncenter size-full\"><img loading=\"lazy\" decoding=\"async\" width=\"424\" height=\"750\" src=\"https:\/\/arts-martiaux-guebwiller-kingersheim.com\/wp-content\/uploads\/2024\/12\/Article-krav-maga.png\" alt=\"\" class=\"wp-image-1328\" srcset=\"https:\/\/arts-martiaux-guebwiller-kingersheim.com\/wp-content\/uploads\/2024\/12\/Article-krav-maga.png 424w, https:\/\/arts-martiaux-guebwiller-kingersheim.com\/wp-content\/uploads\/2024\/12\/Article-krav-maga-170x300.png 170w\" sizes=\"auto, (max-width: 424px) 100vw, 424px\" \/><\/figure>\n<\/div>\n\n\n<p class=\"has-text-align-center\">Technique de combat d\u00e9fense et MMA parue dans le magazine Self et Dragon, avec Raphael Schmitz et Chris Eraste<\/p>\n\n\n<div class=\"wp-block-image\">\n<figure class=\"aligncenter size-full\"><img loading=\"lazy\" decoding=\"async\" width=\"655\" height=\"779\" src=\"https:\/\/arts-martiaux-guebwiller-kingersheim.com\/wp-content\/uploads\/2024\/12\/Combat-defense-1.png\" alt=\"\" class=\"wp-image-1324\" srcset=\"https:\/\/arts-martiaux-guebwiller-kingersheim.com\/wp-content\/uploads\/2024\/12\/Combat-defense-1.png 655w, https:\/\/arts-martiaux-guebwiller-kingersheim.com\/wp-content\/uploads\/2024\/12\/Combat-defense-1-252x300.png 252w\" sizes=\"auto, (max-width: 655px) 100vw, 655px\" \/><\/figure>\n<\/div>\n\n<div class=\"wp-block-image\">\n<figure class=\"aligncenter size-full\"><img loading=\"lazy\" decoding=\"async\" width=\"667\" height=\"763\" src=\"https:\/\/arts-martiaux-guebwiller-kingersheim.com\/wp-content\/uploads\/2024\/12\/Combat-defense-2.png\" alt=\"\" class=\"wp-image-1325\" srcset=\"https:\/\/arts-martiaux-guebwiller-kingersheim.com\/wp-content\/uploads\/2024\/12\/Combat-defense-2.png 667w, https:\/\/arts-martiaux-guebwiller-kingersheim.com\/wp-content\/uploads\/2024\/12\/Combat-defense-2-262x300.png 262w\" sizes=\"auto, (max-width: 667px) 100vw, 667px\" \/><\/figure>\n<\/div>\n\n<div class=\"wp-block-image\">\n<figure class=\"aligncenter size-full\"><img loading=\"lazy\" decoding=\"async\" width=\"584\" height=\"783\" src=\"https:\/\/arts-martiaux-guebwiller-kingersheim.com\/wp-content\/uploads\/2024\/12\/MMA.png\" alt=\"\" class=\"wp-image-1326\" srcset=\"https:\/\/arts-martiaux-guebwiller-kingersheim.com\/wp-content\/uploads\/2024\/12\/MMA.png 584w, https:\/\/arts-martiaux-guebwiller-kingersheim.com\/wp-content\/uploads\/2024\/12\/MMA-224x300.png 224w\" sizes=\"auto, (max-width: 584px) 100vw, 584px\" \/><\/figure>\n<\/div>\n\n\n<p>Technique Par Raphael Schmitz et Jean Mary Jackono parue dans le magazine &#8220;Self et dragon &#8221; \u00e0 t\u00e9l\u00e9charger <strong><a href=\"https:\/\/arts-martiaux-guebwiller-kingersheim.com\/wp-content\/uploads\/2024\/06\/technique-raphael-schmitz-et-jean-mary-jackono-1.jpg\">ici <\/a><\/strong><\/p>\n\n\n\n<figure class=\"wp-block-image size-large\"><img loading=\"lazy\" decoding=\"async\" width=\"1024\" height=\"760\" src=\"https:\/\/arts-martiaux-guebwiller-kingersheim.com\/wp-content\/uploads\/2024\/06\/technique-raphael-schmitz-et-jean-mary-jackono-1024x760.jpg\" alt=\"\" class=\"wp-image-1136\" srcset=\"https:\/\/arts-martiaux-guebwiller-kingersheim.com\/wp-content\/uploads\/2024\/06\/technique-raphael-schmitz-et-jean-mary-jackono-1024x760.jpg 1024w, https:\/\/arts-martiaux-guebwiller-kingersheim.com\/wp-content\/uploads\/2024\/06\/technique-raphael-schmitz-et-jean-mary-jackono-300x223.jpg 300w, https:\/\/arts-martiaux-guebwiller-kingersheim.com\/wp-content\/uploads\/2024\/06\/technique-raphael-schmitz-et-jean-mary-jackono-768x570.jpg 768w, https:\/\/arts-martiaux-guebwiller-kingersheim.com\/wp-content\/uploads\/2024\/06\/technique-raphael-schmitz-et-jean-mary-jackono.jpg 1152w\" sizes=\"auto, (max-width: 1024px) 100vw, 1024px\" \/><\/figure>\n\n\n\n<figure class=\"wp-block-image size-full\"><img loading=\"lazy\" decoding=\"async\" width=\"450\" height=\"787\" src=\"https:\/\/arts-martiaux-guebwiller-kingersheim.com\/wp-content\/uploads\/2024\/05\/article-muay-thai-dojo-form-guebwiller.jpg\" alt=\"\" class=\"wp-image-1050\" srcset=\"https:\/\/arts-martiaux-guebwiller-kingersheim.com\/wp-content\/uploads\/2024\/05\/article-muay-thai-dojo-form-guebwiller.jpg 450w, https:\/\/arts-martiaux-guebwiller-kingersheim.com\/wp-content\/uploads\/2024\/05\/article-muay-thai-dojo-form-guebwiller-172x300.jpg 172w\" sizes=\"auto, (max-width: 450px) 100vw, 450px\" \/><\/figure>\n\n\n\n<figure class=\"wp-block-image size-full\"><img loading=\"lazy\" decoding=\"async\" width=\"440\" height=\"621\" src=\"https:\/\/arts-martiaux-guebwiller-kingersheim.com\/wp-content\/uploads\/2024\/03\/article-sft-katate-mix-1.jpg\" alt=\"\" class=\"wp-image-897\" srcset=\"https:\/\/arts-martiaux-guebwiller-kingersheim.com\/wp-content\/uploads\/2024\/03\/article-sft-katate-mix-1.jpg 440w, https:\/\/arts-martiaux-guebwiller-kingersheim.com\/wp-content\/uploads\/2024\/03\/article-sft-katate-mix-1-213x300.jpg 213w\" sizes=\"auto, (max-width: 440px) 100vw, 440px\" \/><\/figure>\n\n\n\n<figure class=\"wp-block-image size-full\"><img loading=\"lazy\" decoding=\"async\" width=\"497\" height=\"667\" src=\"https:\/\/arts-martiaux-guebwiller-kingersheim.com\/wp-content\/uploads\/2024\/02\/krava-maga-guebwiller.jpg\" alt=\"\" class=\"wp-image-870\" srcset=\"https:\/\/arts-martiaux-guebwiller-kingersheim.com\/wp-content\/uploads\/2024\/02\/krava-maga-guebwiller.jpg 497w, https:\/\/arts-martiaux-guebwiller-kingersheim.com\/wp-content\/uploads\/2024\/02\/krava-maga-guebwiller-224x300.jpg 224w\" sizes=\"auto, (max-width: 497px) 100vw, 497px\" \/><\/figure>\n\n\n\n<figure class=\"wp-block-image size-full\"><img loading=\"lazy\" decoding=\"async\" width=\"434\" height=\"361\" src=\"https:\/\/arts-martiaux-guebwiller-kingersheim.com\/wp-content\/uploads\/2024\/02\/jiu-jitsu-bresilien-68-mulhouse.jpg\" alt=\"\" class=\"wp-image-869\" srcset=\"https:\/\/arts-martiaux-guebwiller-kingersheim.com\/wp-content\/uploads\/2024\/02\/jiu-jitsu-bresilien-68-mulhouse.jpg 434w, https:\/\/arts-martiaux-guebwiller-kingersheim.com\/wp-content\/uploads\/2024\/02\/jiu-jitsu-bresilien-68-mulhouse-300x250.jpg 300w\" sizes=\"auto, (max-width: 434px) 100vw, 434px\" \/><\/figure>\n\n\n\n<p>TECHINQUE DE MMA PAR RAPHAEL SCHMITZ ET BOY-K<\/p>\n\n\n\n<p> ( parue  dans le magazine self et dragon)<\/p>\n\n\n\n<figure class=\"wp-block-image size-full is-resized\"><img loading=\"lazy\" decoding=\"async\" width=\"803\" height=\"779\" src=\"https:\/\/arts-martiaux-guebwiller-kingersheim.com\/wp-content\/uploads\/2024\/01\/MMA-boy_k-et-raphel-schmitz-1.png\" alt=\"\" class=\"wp-image-789\" style=\"width:664px;height:auto\" srcset=\"https:\/\/arts-martiaux-guebwiller-kingersheim.com\/wp-content\/uploads\/2024\/01\/MMA-boy_k-et-raphel-schmitz-1.png 803w, https:\/\/arts-martiaux-guebwiller-kingersheim.com\/wp-content\/uploads\/2024\/01\/MMA-boy_k-et-raphel-schmitz-1-300x291.png 300w, https:\/\/arts-martiaux-guebwiller-kingersheim.com\/wp-content\/uploads\/2024\/01\/MMA-boy_k-et-raphel-schmitz-1-768x745.png 768w\" sizes=\"auto, (max-width: 803px) 100vw, 803px\" \/><\/figure>\n\n\n\n<figure class=\"wp-block-image size-full is-resized\"><img loading=\"lazy\" decoding=\"async\" width=\"829\" height=\"786\" src=\"https:\/\/arts-martiaux-guebwiller-kingersheim.com\/wp-content\/uploads\/2024\/01\/MMA-technique-2-1.png\" alt=\"\" class=\"wp-image-790\" style=\"width:662px;height:auto\" srcset=\"https:\/\/arts-martiaux-guebwiller-kingersheim.com\/wp-content\/uploads\/2024\/01\/MMA-technique-2-1.png 829w, https:\/\/arts-martiaux-guebwiller-kingersheim.com\/wp-content\/uploads\/2024\/01\/MMA-technique-2-1-300x284.png 300w, https:\/\/arts-martiaux-guebwiller-kingersheim.com\/wp-content\/uploads\/2024\/01\/MMA-technique-2-1-768x728.png 768w\" sizes=\"auto, (max-width: 829px) 100vw, 829px\" \/><\/figure>\n\n\n\n<figure class=\"wp-block-image size-full is-resized\"><img loading=\"lazy\" decoding=\"async\" width=\"806\" height=\"881\" src=\"https:\/\/arts-martiaux-guebwiller-kingersheim.com\/wp-content\/uploads\/2024\/01\/article-jiu-jitsu-bresilien-Bresil-2023.jpg\" alt=\"\" class=\"wp-image-773\" style=\"width:694px;height:auto\" srcset=\"https:\/\/arts-martiaux-guebwiller-kingersheim.com\/wp-content\/uploads\/2024\/01\/article-jiu-jitsu-bresilien-Bresil-2023.jpg 806w, https:\/\/arts-martiaux-guebwiller-kingersheim.com\/wp-content\/uploads\/2024\/01\/article-jiu-jitsu-bresilien-Bresil-2023-274x300.jpg 274w, https:\/\/arts-martiaux-guebwiller-kingersheim.com\/wp-content\/uploads\/2024\/01\/article-jiu-jitsu-bresilien-Bresil-2023-768x839.jpg 768w\" sizes=\"auto, (max-width: 806px) 100vw, 806px\" \/><\/figure>\n\n\n\n<figure class=\"wp-block-image size-full\"><img loading=\"lazy\" decoding=\"async\" width=\"940\" height=\"456\" src=\"https:\/\/arts-martiaux-guebwiller-kingersheim.com\/wp-content\/uploads\/2023\/06\/article-chapion-de-MMA-a-dojo-form-.jpg\" alt=\"\" class=\"wp-image-469\" srcset=\"https:\/\/arts-martiaux-guebwiller-kingersheim.com\/wp-content\/uploads\/2023\/06\/article-chapion-de-MMA-a-dojo-form-.jpg 940w, https:\/\/arts-martiaux-guebwiller-kingersheim.com\/wp-content\/uploads\/2023\/06\/article-chapion-de-MMA-a-dojo-form--300x146.jpg 300w, https:\/\/arts-martiaux-guebwiller-kingersheim.com\/wp-content\/uploads\/2023\/06\/article-chapion-de-MMA-a-dojo-form--768x373.jpg 768w\" sizes=\"auto, (max-width: 940px) 100vw, 940px\" \/><\/figure>\n\n\n\n<figure class=\"wp-block-image size-full\"><img loading=\"lazy\" decoding=\"async\" width=\"477\" height=\"752\" src=\"https:\/\/arts-martiaux-guebwiller-kingersheim.com\/wp-content\/uploads\/2023\/05\/championnat-europe-jiu-jitsu-bresilien-.jpg\" alt=\"\" class=\"wp-image-401\" srcset=\"https:\/\/arts-martiaux-guebwiller-kingersheim.com\/wp-content\/uploads\/2023\/05\/championnat-europe-jiu-jitsu-bresilien-.jpg 477w, https:\/\/arts-martiaux-guebwiller-kingersheim.com\/wp-content\/uploads\/2023\/05\/championnat-europe-jiu-jitsu-bresilien--190x300.jpg 190w\" sizes=\"auto, (max-width: 477px) 100vw, 477px\" \/><\/figure>\n\n\n\n<figure class=\"wp-block-image size-full\"><img loading=\"lazy\" decoding=\"async\" width=\"459\" height=\"650\" src=\"https:\/\/arts-martiaux-guebwiller-kingersheim.com\/wp-content\/uploads\/2023\/04\/article-sambo-2023.jpg\" alt=\"\" class=\"wp-image-373\" srcset=\"https:\/\/arts-martiaux-guebwiller-kingersheim.com\/wp-content\/uploads\/2023\/04\/article-sambo-2023.jpg 459w, https:\/\/arts-martiaux-guebwiller-kingersheim.com\/wp-content\/uploads\/2023\/04\/article-sambo-2023-212x300.jpg 212w\" sizes=\"auto, (max-width: 459px) 100vw, 459px\" \/><\/figure>\n\n\n\n<p><\/p>\n\n\n\n<figure class=\"wp-block-image size-large is-resized\"><img loading=\"lazy\" decoding=\"async\" width=\"893\" height=\"1024\" src=\"https:\/\/arts-martiaux-guebwiller-kingersheim.com\/wp-content\/uploads\/2023\/03\/schmitz-team-karate-2-893x1024.jpg\" alt=\"\" class=\"wp-image-321\" style=\"width:421px;height:483px\" srcset=\"https:\/\/arts-martiaux-guebwiller-kingersheim.com\/wp-content\/uploads\/2023\/03\/schmitz-team-karate-2-893x1024.jpg 893w, https:\/\/arts-martiaux-guebwiller-kingersheim.com\/wp-content\/uploads\/2023\/03\/schmitz-team-karate-2-262x300.jpg 262w, https:\/\/arts-martiaux-guebwiller-kingersheim.com\/wp-content\/uploads\/2023\/03\/schmitz-team-karate-2-768x881.jpg 768w, https:\/\/arts-martiaux-guebwiller-kingersheim.com\/wp-content\/uploads\/2023\/03\/schmitz-team-karate-2-rotated.jpg 1088w\" sizes=\"auto, (max-width: 893px) 100vw, 893px\" \/><\/figure>\n\n\n\n<figure class=\"wp-block-image size-large\"><img loading=\"lazy\" decoding=\"async\" width=\"245\" height=\"1024\" src=\"https:\/\/arts-martiaux-guebwiller-kingersheim.com\/wp-content\/uploads\/2023\/03\/schmitz-fighnting-team-karate-1-245x1024.jpg\" alt=\"\" class=\"wp-image-320\" srcset=\"https:\/\/arts-martiaux-guebwiller-kingersheim.com\/wp-content\/uploads\/2023\/03\/schmitz-fighnting-team-karate-1-245x1024.jpg 245w, https:\/\/arts-martiaux-guebwiller-kingersheim.com\/wp-content\/uploads\/2023\/03\/schmitz-fighnting-team-karate-1-72x300.jpg 72w, https:\/\/arts-martiaux-guebwiller-kingersheim.com\/wp-content\/uploads\/2023\/03\/schmitz-fighnting-team-karate-1-368x1536.jpg 368w, https:\/\/arts-martiaux-guebwiller-kingersheim.com\/wp-content\/uploads\/2023\/03\/schmitz-fighnting-team-karate-1-490x2048.jpg 490w, https:\/\/arts-martiaux-guebwiller-kingersheim.com\/wp-content\/uploads\/2023\/03\/schmitz-fighnting-team-karate-1-scaled.jpg 613w\" sizes=\"auto, (max-width: 245px) 100vw, 245px\" \/><\/figure>\n\n\n\n<figure class=\"wp-block-image size-full\"><img loading=\"lazy\" decoding=\"async\" width=\"382\" height=\"828\" src=\"https:\/\/arts-martiaux-guebwiller-kingersheim.com\/wp-content\/uploads\/2022\/12\/jiu-jitsu-bresilien-mondial-2022.jpg\" alt=\"\" class=\"wp-image-171\" srcset=\"https:\/\/arts-martiaux-guebwiller-kingersheim.com\/wp-content\/uploads\/2022\/12\/jiu-jitsu-bresilien-mondial-2022.jpg 382w, https:\/\/arts-martiaux-guebwiller-kingersheim.com\/wp-content\/uploads\/2022\/12\/jiu-jitsu-bresilien-mondial-2022-138x300.jpg 138w\" sizes=\"auto, (max-width: 382px) 100vw, 382px\" \/><\/figure>\n\n\n\n<p><\/p>\n\n\n\n<figure class=\"wp-block-image size-full is-resized\"><img loading=\"lazy\" decoding=\"async\" width=\"630\" height=\"749\" src=\"https:\/\/arts-martiaux-guebwiller-kingersheim.com\/wp-content\/uploads\/2022\/12\/stage-avec-Yan-cabral-jiu-jitsu-bresilien-mixed-martial-arts-.jpg\" alt=\"\" class=\"wp-image-173\" style=\"width:469px;height:558px\" srcset=\"https:\/\/arts-martiaux-guebwiller-kingersheim.com\/wp-content\/uploads\/2022\/12\/stage-avec-Yan-cabral-jiu-jitsu-bresilien-mixed-martial-arts-.jpg 630w, https:\/\/arts-martiaux-guebwiller-kingersheim.com\/wp-content\/uploads\/2022\/12\/stage-avec-Yan-cabral-jiu-jitsu-bresilien-mixed-martial-arts--252x300.jpg 252w\" sizes=\"auto, (max-width: 630px) 100vw, 630px\" \/><\/figure>\n\n\n\n<p><\/p>\n\n\n\n<figure class=\"wp-block-image size-full\"><img loading=\"lazy\" decoding=\"async\" width=\"636\" height=\"794\" src=\"https:\/\/arts-martiaux-guebwiller-kingersheim.com\/wp-content\/uploads\/2022\/12\/rencontre-franco-allemande-geubwiller.png\" alt=\"\" class=\"wp-image-169\" srcset=\"https:\/\/arts-martiaux-guebwiller-kingersheim.com\/wp-content\/uploads\/2022\/12\/rencontre-franco-allemande-geubwiller.png 636w, https:\/\/arts-martiaux-guebwiller-kingersheim.com\/wp-content\/uploads\/2022\/12\/rencontre-franco-allemande-geubwiller-240x300.png 240w\" sizes=\"auto, (max-width: 636px) 100vw, 636px\" \/><\/figure>\n\n\n\n<p><\/p>\n","protected":false},"excerpt":{"rendered":"<p>Technique de combat d\u00e9fense et MMA parue dans le magazine Self et Dragon, avec Raphael Schmitz et Chris Eraste Technique Par Raphael Schmitz et Jean Mary Jackono parue dans le magazine &#8220;Self et dragon &#8221; \u00e0 t\u00e9l\u00e9charger ici TECHINQUE DE MMA PAR RAPHAEL SCHMITZ ET BOY-K ( parue dans le magazine self et dragon)<\/p>\n","protected":false},"author":1,"featured_media":0,"parent":0,"menu_order":0,"comment_status":"closed","ping_status":"closed","template":"","meta":{"footnotes":""},"class_list":["post-34","page","type-page","status-publish","hentry"],"_links":{"self":[{"href":"https:\/\/arts-martiaux-guebwiller-kingersheim.com\/index.php\/wp-json\/wp\/v2\/pages\/34","targetHints":{"allow":["GET"]}}],"collection":[{"href":"https:\/\/arts-martiaux-guebwiller-kingersheim.com\/index.php\/wp-json\/wp\/v2\/pages"}],"about":[{"href":"https:\/\/arts-martiaux-guebwiller-kingersheim.com\/index.php\/wp-json\/wp\/v2\/types\/page"}],"author":[{"embeddable":true,"href":"https:\/\/arts-martiaux-guebwiller-kingersheim.com\/index.php\/wp-json\/wp\/v2\/users\/1"}],"replies":[{"embeddable":true,"href":"https:\/\/arts-martiaux-guebwiller-kingersheim.com\/index.php\/wp-json\/wp\/v2\/comments?post=34"}],"version-history":[{"count":28,"href":"https:\/\/arts-martiaux-guebwiller-kingersheim.com\/index.php\/wp-json\/wp\/v2\/pages\/34\/revisions"}],"predecessor-version":[{"id":2493,"href":"https:\/\/arts-martiaux-guebwiller-kingersheim.com\/index.php\/wp-json\/wp\/v2\/pages\/34\/revisions\/2493"}],"wp:attachment":[{"href":"https:\/\/arts-martiaux-guebwiller-kingersheim.com\/index.php\/wp-json\/wp\/v2\/media?parent=34"}],"curies":[{"name":"wp","href":"https:\/\/api.w.org\/{rel}","templated":true}]}}